{"id":15889,"date":"2020-10-05T08:37:37","date_gmt":"2020-10-05T08:37:37","guid":{"rendered":"https:\/\/marcegaglia.mx\/?page_id=15889"},"modified":"2024-04-03T07:55:10","modified_gmt":"2024-04-03T07:55:10","slug":"aplicaciones","status":"publish","type":"page","link":"https:\/\/marcegaglia.mx\/es\/aplicaciones\/","title":{"rendered":"Aplicaciones"},"content":{"rendered":"<div class=\"wpb-content-wrapper\"><p>[vc_row full_width=\u00bbstretch_row_content_no_spaces\u00bb custom_css=\u00bb#desk{background-image: url(\/wp-content\/uploads\/2020\/09\/marcegaglia_mexico-applications-banner-1920&#215;306-1.jpg?id=) !important;background-position: center !important;background-repeat: no-repeat !important;background-size: cover !important;}\u00bb el_id=\u00bbdesk1&#8243;][vc_column css=\u00bb.vc_custom_1588593703140{padding-top: 7.65em !important;padding-bottom: 7.65em !important;background-position: center !important;background-repeat: no-repeat !important;background-size: cover !important;}\u00bb el_id=\u00bbdesk\u00bb offset=\u00bbvc_hidden-sm vc_hidden-xs\u00bb][vc_column_text]<\/p>\n<h1 style=\"text-align: center;\"><span style=\"color: #ffffff;\">APLICACIONES T\u00cdPICAS<\/span><\/h1>\n<p>[\/vc_column_text][\/vc_column][\/vc_row][vc_row full_width=\u00bbstretch_row_content_no_spaces\u00bb css=\u00bb.vc_custom_1601901706164{padding-top: 1.65em !important;padding-bottom: 1.65em !important;background-image: url(https:\/\/marcegaglia.mx\/wp-content\/uploads\/2020\/09\/marcegaglia_mexico-applications-banner-1920&#215;306-1.jpg?id=15743) !important;background-position: center !important;background-repeat: no-repeat !important;background-size: cover !important;}\u00bb el_id=\u00bbresp\u00bb][vc_column css=\u00bb.vc_custom_1588592239658{background-position: center !important;background-repeat: no-repeat !important;background-size: cover !important;}\u00bb el_id=\u00bbresp\u00bb offset=\u00bbvc_hidden-lg vc_hidden-md\u00bb][vc_column_text]<\/p>\n<h1 style=\"text-align: center;\"><span style=\"color: #ffffff;\">APLICACIONES T\u00cdPICAS<\/span><\/h1>\n<p>[\/vc_column_text][\/vc_column][\/vc_row][vc_row css=\u00bb.vc_custom_1601284787348{background-position: center !important;background-repeat: no-repeat !important;background-size: cover !important;}\u00bb][vc_column css=\u00bb.vc_custom_1588593703140{padding-top: 7.65em !important;padding-bottom: 7.65em !important;background-position: center !important;background-repeat: no-repeat !important;background-size: cover !important;}\u00bb offset=\u00bbvc_hidden-sm vc_hidden-xs\u00bb][vc_column_text]Del negocio de transformaci\u00f3n de acero de Marcegaglia, una <strong>gama completa de productos<\/strong> dedicados a las industrias de <strong>refrigeraci\u00f3n<\/strong> y <strong>electrodom\u00e9sticos<\/strong>.<\/p>\n<p>La oferta especial de Marcegaglia para la industria de la refrigeraci\u00f3n se fabrica de acuerdo con las <strong>normas<\/strong> y <strong>tolerancias espec\u00edficas del sector<\/strong>, y se prueba minuciosamente para permitir su uso en aplicaciones tales como componentes, sistemas y materiales de acero dise\u00f1ados y desarrollados para cumplir con los m\u00e1s altos requisitos de los sectores de aplicaci\u00f3n.[\/vc_column_text][\/vc_column][\/vc_row][vc_row full_width=\u00bbstretch_row_content_no_spaces\u00bb equal_height=\u00bbyes\u00bb content_placement=\u00bbmiddle\u00bb css=\u00bb.vc_custom_1601997957346{background-position: center !important;background-repeat: no-repeat !important;background-size: cover !important;}\u00bb el_id=\u00bbdesk\u00bb][vc_column width=\u00bb1\/2&#8243; css=\u00bb.vc_custom_1601382650116{padding-top: 5vh !important;padding-bottom: 5vh !important;background-image: url(https:\/\/marcegaglia.mx\/wp-content\/uploads\/2020\/09\/marcegaglia_mexico-refrigeration_domestic-2.jpg?id=15755) !important;background-position: center !important;background-repeat: no-repeat !important;background-size: cover !important;}\u00bb offset=\u00bbvc_col-lg-6 vc_col-md-12 vc_col-xs-12&#8243;][\/vc_column][vc_column width=\u00bb1\/2&#8243; offset=\u00bbvc_col-lg-6 vc_col-md-12 vc_col-xs-12&#8243; css=\u00bb.vc_custom_1602066623892{padding-top: 3em !important;padding-bottom: 3em !important;}\u00bb][vc_row_inner][vc_column_inner width=\u00bb1\/4&#8243;][\/vc_column_inner][vc_column_inner width=\u00bb1\/2&#8243;][vc_empty_space][vc_column_text]<\/p>\n<h3>REFRIGERACION DOMESTICA<\/h3>\n<p>[\/vc_column_text][vc_empty_space][vc_column_text]Marcegaglia M\u00e9xico productos tienen una amplia gama de aplicaciones en la <strong>refrigeraci\u00f3n dom\u00e9stica<\/strong>, desde productos finales b\u00e1sicos hasta productos de lujo y de alta gama, con los principales OEM mundiales del mercado actual.<br \/>\nUnidades de refrigeraci\u00f3n: <strong>Unidades de montaje superior, Unidades de montaje inferior, Unidades de puerta francesa, Unidades de lado a lado, Unidades de puerta \u00fanica, Unidades de convecci\u00f3n y forzadas, Congeladores, Enfriadores de vino, Minibar<\/strong>[\/vc_column_text][vc_empty_space][\/vc_column_inner][vc_column_inner width=\u00bb1\/4&#8243;][\/vc_column_inner][\/vc_row_inner][\/vc_column][\/vc_row][vc_row full_width=\u00bbstretch_row_content_no_spaces\u00bb css=\u00bb.vc_custom_1601998458559{padding-top: 10vh !important;padding-bottom: 10vh !important;background-position: center !important;background-repeat: no-repeat !important;background-size: cover !important;}\u00bb el_id=\u00bbresp2&#8243;][vc_column css=\u00bb.vc_custom_1588751239732{background-position: center !important;background-repeat: no-repeat !important;background-size: cover !important;}\u00bb offset=\u00bbvc_hidden-lg\u00bb][\/vc_column][\/vc_row][vc_row content_placement=\u00bbmiddle\u00bb css=\u00bb.vc_custom_1601997976553{background-position: center !important;background-repeat: no-repeat !important;background-size: cover !important;}\u00bb el_id=\u00bbresp\u00bb][vc_column css=\u00bb.vc_custom_1588752841732{padding-top: 5vh !important;padding-right: 5vh !important;padding-bottom: 5vh !important;padding-left: 5vh !important;background-position: center !important;background-repeat: no-repeat !important;background-size: cover !important;}\u00bb offset=\u00bbvc_hidden-lg\u00bb][vc_empty_space][vc_column_text]<\/p>\n<h3>REFRIGERACION DOMESTICA<\/h3>\n<p>[\/vc_column_text][vc_empty_space][vc_column_text]Marcegaglia M\u00e9xico productos tienen una amplia gama de aplicaciones en la <strong>refrigeraci\u00f3n dom\u00e9stica<\/strong>, desde productos finales b\u00e1sicos hasta productos de lujo y de alta gama, con los principales OEM mundiales del mercado actual.<br \/>\nUnidades de refrigeraci\u00f3n: <strong>Unidades de montaje superior, Unidades de montaje inferior, Unidades de puerta francesa, Unidades de lado a lado, Unidades de puerta \u00fanica, Unidades de convecci\u00f3n y forzadas, Congeladores, Enfriadores de vino, Minibar<\/strong>[\/vc_column_text][vc_empty_space][\/vc_column][\/vc_row][vc_row full_width=\u00bbstretch_row_content_no_spaces\u00bb equal_height=\u00bbyes\u00bb content_placement=\u00bbmiddle\u00bb css=\u00bb.vc_custom_1601997971177{background-position: center !important;background-repeat: no-repeat !important;background-size: cover !important;}\u00bb el_id=\u00bbdesk\u00bb el_class=\u00bbmd-reverse\u00bb][vc_column width=\u00bb1\/2&#8243; css=\u00bb.vc_custom_1602066399326{padding-top: 5em !important;padding-bottom: 5em !important;background-position: center !important;background-repeat: no-repeat !important;background-size: cover !important;}\u00bb offset=\u00bbvc_hidden-sm vc_hidden-xs\u00bb][vc_row_inner][vc_column_inner width=\u00bb1\/4&#8243;][\/vc_column_inner][vc_column_inner width=\u00bb1\/2&#8243;][vc_empty_space][vc_column_text]<\/p>\n<h3>REFRIGERACION COMERCIAL<\/h3>\n<p>[\/vc_column_text][vc_empty_space][vc_column_text]Marcegaglia M\u00e9xico productos tienen tambien una amplia gama de aplicaciones en la<strong> refrigeraci\u00f3n comercial<\/strong>: <strong>Unidades m\u00e9dicas, <\/strong><strong>Unidades para bebidas,<\/strong><strong> Unidades para alimentos, <\/strong><strong>Congeladores, <\/strong><strong>Unidades de dispensadores de agua, <\/strong><strong>Unidades para mostrador<\/strong><\/p>\n<p><a href=\"https:\/\/www.imat.it\/en\" target=\"_blank\" rel=\"noopener\"><span class=\"HwtZe\" lang=\"es\"><span class=\"jCAhz ChMk0b\"><span class=\"ryNqvb\">descubrir m\u00e1s<\/span><\/span><\/span><\/a><strong><br \/>\n<\/strong>[\/vc_column_text][vc_empty_space][\/vc_column_inner][vc_column_inner width=\u00bb1\/4&#8243;][\/vc_column_inner][\/vc_row_inner][\/vc_column][vc_column width=\u00bb1\/2&#8243; css=\u00bb.vc_custom_1601382660941{padding-top: 5vh !important;padding-bottom: 5vh !important;background-image: url(https:\/\/marcegaglia.mx\/wp-content\/uploads\/2020\/09\/marcegaglia_mexico-refrigeration_commercial-1-1.jpg?id=15750) !important;background-position: center !important;background-repeat: no-repeat !important;background-size: cover !important;}\u00bb offset=\u00bbvc_hidden-sm vc_hidden-xs\u00bb][\/vc_column][\/vc_row][vc_row full_width=\u00bbstretch_row_content_no_spaces\u00bb css=\u00bb.vc_custom_1601998495878{padding-top: 10vh !important;padding-bottom: 10vh !important;background-position: center !important;background-repeat: no-repeat !important;background-size: cover !important;}\u00bb el_id=\u00bbresp3&#8243;][vc_column css=\u00bb.vc_custom_1588752898822{background-position: center !important;background-repeat: no-repeat !important;background-size: cover !important;}\u00bb offset=\u00bbvc_hidden-lg vc_col-md-12&#8243;][\/vc_column][\/vc_row][vc_row content_placement=\u00bbmiddle\u00bb css=\u00bb.vc_custom_1601997982388{background-position: center !important;background-repeat: no-repeat !important;background-size: cover !important;}\u00bb el_id=\u00bbresp\u00bb][vc_column css=\u00bb.vc_custom_1588752910588{padding: 5vh !important;background-position: center !important;background-repeat: no-repeat !important;background-size: cover !important;}\u00bb offset=\u00bbvc_hidden-lg vc_col-md-12&#8243;][vc_empty_space][vc_column_text]<\/p>\n<h3>REFRIGERACION COMERCIAL<\/h3>\n<p>[\/vc_column_text][vc_empty_space][vc_column_text]Marcegaglia M\u00e9xico productos tienen tambien una amplia gama de aplicaciones en la<strong> refrigeraci\u00f3n comercial<\/strong>: <strong>Unidades m\u00e9dicas, <\/strong><strong>Unidades para bebidas,<\/strong><strong> Unidades para alimentos, <\/strong><strong>Congeladores, <\/strong><strong>Unidades de dispensadores de agua, <\/strong><strong>Unidades para mostrador<\/strong><\/p>\n<p><a href=\"https:\/\/www.imat.it\/en\" target=\"_blank\" rel=\"noopener\"><span class=\"HwtZe\" lang=\"es\"><span class=\"jCAhz ChMk0b\"><span class=\"ryNqvb\">descubrir m\u00e1s<\/span><\/span><\/span><\/a><strong><br \/>\n<\/strong>[\/vc_column_text][vc_empty_space][\/vc_column][\/vc_row]<\/p>\n<\/div>","protected":false},"excerpt":{"rendered":"<p>[vc_row full_width=\u00bbstretch_row_content_no_spaces\u00bb custom_css=\u00bb#desk{background-image: url(\/wp-content\/uploads\/2020\/09\/marcegaglia_mexico-applications-banner-1920&#215;306-1.jpg?id=) !important;background-position: center !important;background-repeat: no-repeat !important;background-size: cover !important;}\u00bb &#8230; <\/p>\n","protected":false},"author":1,"featured_media":0,"parent":0,"menu_order":0,"comment_status":"closed","ping_status":"closed","template":"","meta":{"footnotes":""},"class_list":["post-15889","page","type-page","status-publish","hentry"],"yoast_head":"<!-- This site is optimized with the Yoast SEO plugin v25.4 - https:\/\/yoast.com\/wordpress\/plugins\/seo\/ -->\n<title>Aplicaciones - Marcegaglia Mexico<\/title>\n<meta name=\"robots\" content=\"index, follow, max-snippet:-1, max-image-preview:large, max-video-preview:-1\" \/>\n<link rel=\"canonical\" href=\"https:\/\/marcegaglia.mx\/es\/aplicaciones\/\" \/>\n<meta property=\"og:locale\" content=\"es_ES\" \/>\n<meta property=\"og:type\" content=\"article\" \/>\n<meta property=\"og:title\" content=\"Aplicaciones - Marcegaglia Mexico\" \/>\n<meta property=\"og:description\" content=\"[vc_row full_width=\u00bbstretch_row_content_no_spaces\u00bb custom_css=\u00bb#desk{background-image: url(\/wp-content\/uploads\/2020\/09\/marcegaglia_mexico-applications-banner-1920&#215;306-1.jpg?id=) !important;background-position: center !important;background-repeat: no-repeat !important;background-size: cover !important;}\u00bb ...\" \/>\n<meta property=\"og:url\" content=\"https:\/\/marcegaglia.mx\/es\/aplicaciones\/\" \/>\n<meta property=\"og:site_name\" content=\"Marcegaglia Mexico\" \/>\n<meta property=\"article:modified_time\" content=\"2024-04-03T07:55:10+00:00\" \/>\n<meta name=\"twitter:card\" content=\"summary_large_image\" \/>\n<meta name=\"twitter:label1\" content=\"Tiempo de lectura\" \/>\n\t<meta name=\"twitter:data1\" content=\"3 minutos\" \/>\n<script type=\"application\/ld+json\" class=\"yoast-schema-graph\">{\"@context\":\"https:\/\/schema.org\",\"@graph\":[{\"@type\":\"WebPage\",\"@id\":\"https:\/\/marcegaglia.mx\/es\/aplicaciones\/\",\"url\":\"https:\/\/marcegaglia.mx\/es\/aplicaciones\/\",\"name\":\"Aplicaciones - Marcegaglia Mexico\",\"isPartOf\":{\"@id\":\"https:\/\/marcegaglia.mx\/es\/#website\"},\"datePublished\":\"2020-10-05T08:37:37+00:00\",\"dateModified\":\"2024-04-03T07:55:10+00:00\",\"breadcrumb\":{\"@id\":\"https:\/\/marcegaglia.mx\/es\/aplicaciones\/#breadcrumb\"},\"inLanguage\":\"es\",\"potentialAction\":[{\"@type\":\"ReadAction\",\"target\":[\"https:\/\/marcegaglia.mx\/es\/aplicaciones\/\"]}]},{\"@type\":\"BreadcrumbList\",\"@id\":\"https:\/\/marcegaglia.mx\/es\/aplicaciones\/#breadcrumb\",\"itemListElement\":[{\"@type\":\"ListItem\",\"position\":1,\"name\":\"Home\",\"item\":\"https:\/\/marcegaglia.mx\/es\/\"},{\"@type\":\"ListItem\",\"position\":2,\"name\":\"Aplicaciones\"}]},{\"@type\":\"WebSite\",\"@id\":\"https:\/\/marcegaglia.mx\/es\/#website\",\"url\":\"https:\/\/marcegaglia.mx\/es\/\",\"name\":\"Marcegaglia Mexico\",\"description\":\"We give shape to steel\",\"potentialAction\":[{\"@type\":\"SearchAction\",\"target\":{\"@type\":\"EntryPoint\",\"urlTemplate\":\"https:\/\/marcegaglia.mx\/es\/?s={search_term_string}\"},\"query-input\":{\"@type\":\"PropertyValueSpecification\",\"valueRequired\":true,\"valueName\":\"search_term_string\"}}],\"inLanguage\":\"es\"}]}<\/script>\n<!-- \/ Yoast SEO plugin. -->","yoast_head_json":{"title":"Aplicaciones - Marcegaglia Mexico","robots":{"index":"index","follow":"follow","max-snippet":"max-snippet:-1","max-image-preview":"max-image-preview:large","max-video-preview":"max-video-preview:-1"},"canonical":"https:\/\/marcegaglia.mx\/es\/aplicaciones\/","og_locale":"es_ES","og_type":"article","og_title":"Aplicaciones - Marcegaglia Mexico","og_description":"[vc_row full_width=\u00bbstretch_row_content_no_spaces\u00bb custom_css=\u00bb#desk{background-image: url(\/wp-content\/uploads\/2020\/09\/marcegaglia_mexico-applications-banner-1920&#215;306-1.jpg?id=) !important;background-position: center !important;background-repeat: no-repeat !important;background-size: cover !important;}\u00bb ...","og_url":"https:\/\/marcegaglia.mx\/es\/aplicaciones\/","og_site_name":"Marcegaglia Mexico","article_modified_time":"2024-04-03T07:55:10+00:00","twitter_card":"summary_large_image","twitter_misc":{"Tiempo de lectura":"3 minutos"},"schema":{"@context":"https:\/\/schema.org","@graph":[{"@type":"WebPage","@id":"https:\/\/marcegaglia.mx\/es\/aplicaciones\/","url":"https:\/\/marcegaglia.mx\/es\/aplicaciones\/","name":"Aplicaciones - Marcegaglia Mexico","isPartOf":{"@id":"https:\/\/marcegaglia.mx\/es\/#website"},"datePublished":"2020-10-05T08:37:37+00:00","dateModified":"2024-04-03T07:55:10+00:00","breadcrumb":{"@id":"https:\/\/marcegaglia.mx\/es\/aplicaciones\/#breadcrumb"},"inLanguage":"es","potentialAction":[{"@type":"ReadAction","target":["https:\/\/marcegaglia.mx\/es\/aplicaciones\/"]}]},{"@type":"BreadcrumbList","@id":"https:\/\/marcegaglia.mx\/es\/aplicaciones\/#breadcrumb","itemListElement":[{"@type":"ListItem","position":1,"name":"Home","item":"https:\/\/marcegaglia.mx\/es\/"},{"@type":"ListItem","position":2,"name":"Aplicaciones"}]},{"@type":"WebSite","@id":"https:\/\/marcegaglia.mx\/es\/#website","url":"https:\/\/marcegaglia.mx\/es\/","name":"Marcegaglia Mexico","description":"We give shape to steel","potentialAction":[{"@type":"SearchAction","target":{"@type":"EntryPoint","urlTemplate":"https:\/\/marcegaglia.mx\/es\/?s={search_term_string}"},"query-input":{"@type":"PropertyValueSpecification","valueRequired":true,"valueName":"search_term_string"}}],"inLanguage":"es"}]}},"_links":{"self":[{"href":"https:\/\/marcegaglia.mx\/es\/wp-json\/wp\/v2\/pages\/15889","targetHints":{"allow":["GET"]}}],"collection":[{"href":"https:\/\/marcegaglia.mx\/es\/wp-json\/wp\/v2\/pages"}],"about":[{"href":"https:\/\/marcegaglia.mx\/es\/wp-json\/wp\/v2\/types\/page"}],"author":[{"embeddable":true,"href":"https:\/\/marcegaglia.mx\/es\/wp-json\/wp\/v2\/users\/1"}],"replies":[{"embeddable":true,"href":"https:\/\/marcegaglia.mx\/es\/wp-json\/wp\/v2\/comments?post=15889"}],"version-history":[{"count":5,"href":"https:\/\/marcegaglia.mx\/es\/wp-json\/wp\/v2\/pages\/15889\/revisions"}],"predecessor-version":[{"id":17151,"href":"https:\/\/marcegaglia.mx\/es\/wp-json\/wp\/v2\/pages\/15889\/revisions\/17151"}],"wp:attachment":[{"href":"https:\/\/marcegaglia.mx\/es\/wp-json\/wp\/v2\/media?parent=15889"}],"curies":[{"name":"wp","href":"https:\/\/api.w.org\/{rel}","templated":true}]}}