{"id":15581,"date":"2020-09-25T10:59:42","date_gmt":"2020-09-25T10:59:42","guid":{"rendered":"https:\/\/marcegaglia.mx\/quality-and-service\/"},"modified":"2024-06-17T14:18:40","modified_gmt":"2024-06-17T14:18:40","slug":"calidad-y-servicio","status":"publish","type":"page","link":"https:\/\/marcegaglia.mx\/es\/calidad-y-servicio\/","title":{"rendered":"Calidad y servicio"},"content":{"rendered":"<div class=\"wpb-content-wrapper\"><p>[vc_row full_width=\u00bbstretch_row_content_no_spaces\u00bb css=\u00bb.vc_custom_1718633917139{margin-bottom: 2em !important;border-bottom-width: 1em !important;padding-top: 1em !important;background-image: url(https:\/\/marcegaglia.mx\/wp-content\/uploads\/2020\/09\/marcegaglia_manufacturing-process-banner-1920&#215;306-1.jpg?id=16333) !important;background-position: center !important;background-repeat: no-repeat !important;background-size: cover !important;}\u00bb el_id=\u00bbdesk\u00bb][vc_column css=\u00bb.vc_custom_1588591974425{padding-top: 10em !important;padding-bottom: 10em !important;background-position: center !important;background-repeat: no-repeat !important;background-size: cover !important;}\u00bb el_id=\u00bbdesk\u00bb offset=\u00bbvc_hidden-sm vc_hidden-xs\u00bb][\/vc_column][\/vc_row][vc_row full_width=\u00bbstretch_row_content_no_spaces\u00bb css=\u00bb.vc_custom_1718633146131{margin-bottom: 2em !important;padding-top: 5em !important;padding-bottom: 5em !important;background-image: url(https:\/\/marcegaglia.mx\/wp-content\/uploads\/2020\/09\/marcegaglia_manufacturing-process-banner-1400&#215;700-1.jpg?id=15367) !important;background-position: center !important;background-repeat: no-repeat !important;background-size: cover !important;}\u00bb el_id=\u00bbresp\u00bb][vc_column css=\u00bb.vc_custom_1588592239658{background-position: center !important;background-repeat: no-repeat !important;background-size: cover !important;}\u00bb el_id=\u00bbresp\u00bb offset=\u00bbvc_hidden-lg vc_hidden-md\u00bb][\/vc_column][\/vc_row][vc_row css=\u00bb.vc_custom_1587744290404{padding-bottom: 2em !important;}\u00bb][vc_column width=\u00bb1\/2&#8243;][vc_column_text]<\/p>\n<h2>CERTIFICADOS<\/h2>\n<p>[\/vc_column_text][vc_empty_space height=\u00bb20px\u00bb][vc_column_text]El enfoque de la compa\u00f1\u00eda en la excelencia se refleja en la dedicaci\u00f3n y el cuidado que Marcegaglia M\u00e9xico pone en cualquier fase de su producci\u00f3n, incluyendo el apoyo documental.<\/p>\n<p>El sistema de producci\u00f3n certificado de Marcegaglia garantiza la completa trazabilidad de los productos a lo largo de toda la cadena de producci\u00f3n, desde el material original hasta las propiedades qu\u00edmicas y mec\u00e1nicas, para garantizar la absoluta idoneidad para las aplicaciones espec\u00edficas de acuerdo con las normas pertinentes.<br \/>\nCada componente de refrigeraci\u00f3n es inspeccionado y sometido a pruebas que garantizan su correcto funcionamiento y larga durabilidad.<\/p>\n<p>Marcegaglia Mexico ofrece y fabrica productos al mercado con la m\u00e1s alta calidad de conformidad con las siguientes certificaciones y normas:[\/vc_column_text][vc_row_inner content_placement=\u00bbmiddle\u00bb][vc_column_inner width=\u00bb1\/6&#8243;][vc_single_image image=\u00bb8367&#8243; img_size=\u00bbfull\u00bb onclick=\u00bbcustom_link\u00bb img_link_target=\u00bb_blank\u00bb link=\u00bbhttps:\/\/marcegaglia.mx\/wp-content\/uploads\/2020\/10\/Certificado-ISO-9001-Marcegaglia-2019-RINA.pdf\u00bb][\/vc_column_inner][vc_column_inner width=\u00bb5\/6&#8243;][vc_column_text]<\/p>\n<div class=\"testo cookie-testo\"><a href=\"https:\/\/marcegaglia.mx\/wp-content\/uploads\/2020\/10\/CERTIFICADO-ISO-9001-RINA.pdf\"><strong><span class=\"testo\">Certificate ISO 9001:2015<\/span><\/strong><\/a><\/div>\n<p>[\/vc_column_text][\/vc_column_inner][\/vc_row_inner][\/vc_column][vc_column width=\u00bb1\/2&#8243;][vc_column_text]<\/p>\n<h2>PRUEBAS DE PRODUCTO EN FABRICACCI\u00d3N Y LABORATORIO<\/h2>\n<p>[\/vc_column_text][vc_empty_space height=\u00bb20px\u00bb][vc_column_text]<strong>PRUEBA DE PRODUCCI\u00d3N<\/strong><\/p>\n<ul>\n<li>Prueba de medici\u00f3n<\/li>\n<li>Prueba dimensional<\/li>\n<li>Prueba de fugas (ca\u00edda de presi\u00f3n)<\/li>\n<li>Prueba de fugas (prueba de burbujas)<\/li>\n<li>Prueba del dinam\u00f3metro<\/li>\n<li>Prueba de pintura de la norma ASTM<\/li>\n<li>Prueba de espesor de Elcometer<\/li>\n<li>Torqu\u00edmetro<\/li>\n<li>Prueba destructiva<\/li>\n<\/ul>\n<p>[\/vc_column_text][vc_empty_space height=\u00bb20px\u00bb][vc_column_text]<strong>PRUEBA DE LABORATORIO<\/strong><\/p>\n<ul>\n<li>Prueba de residuos internos solubles<\/li>\n<li>Prueba de residuos internos insolubles<\/li>\n<li>C\u00e1mara de humedad<\/li>\n<li>C\u00e1mara de rociado de sal<\/li>\n<li>Prueba dimensional<\/li>\n<li>Sistema de medici\u00f3n de visi\u00f3n<\/li>\n<li>Probador de m\u00e1quina universal<\/li>\n<li>An\u00e1lisis de fotomicrograf\u00eda<\/li>\n<li>Prueba de dureza<\/li>\n<li>Prueba de resistencia a la tracci\u00f3n<\/li>\n<\/ul>\n<p>[\/vc_column_text][\/vc_column][\/vc_row]<\/p>\n<\/div>","protected":false},"excerpt":{"rendered":"<p>[vc_row full_width=\u00bbstretch_row_content_no_spaces\u00bb css=\u00bb.vc_custom_1718633917139{margin-bottom: 2em !important;border-bottom-width: 1em !important;padding-top: 1em !important;background-image: url(https:\/\/marcegaglia.mx\/wp-content\/uploads\/2020\/09\/marcegaglia_manufacturing-process-banner-1920&#215;306-1.jpg?id=16333) !important;background-position: &#8230; <\/p>\n","protected":false},"author":1,"featured_media":0,"parent":0,"menu_order":0,"comment_status":"closed","ping_status":"closed","template":"","meta":{"footnotes":""},"class_list":["post-15581","page","type-page","status-publish","hentry"],"yoast_head":"<!-- This site is optimized with the Yoast SEO plugin v25.4 - https:\/\/yoast.com\/wordpress\/plugins\/seo\/ -->\n<title>Calidad y servicio - Marcegaglia Mexico<\/title>\n<meta name=\"robots\" content=\"index, follow, max-snippet:-1, max-image-preview:large, max-video-preview:-1\" \/>\n<link rel=\"canonical\" href=\"https:\/\/marcegaglia.mx\/es\/calidad-y-servicio\/\" \/>\n<meta property=\"og:locale\" content=\"es_ES\" \/>\n<meta property=\"og:type\" content=\"article\" \/>\n<meta property=\"og:title\" content=\"Calidad y servicio - Marcegaglia Mexico\" \/>\n<meta property=\"og:description\" content=\"[vc_row full_width=\u00bbstretch_row_content_no_spaces\u00bb css=\u00bb.vc_custom_1718633917139{margin-bottom: 2em !important;border-bottom-width: 1em !important;padding-top: 1em !important;background-image: url(https:\/\/marcegaglia.mx\/wp-content\/uploads\/2020\/09\/marcegaglia_manufacturing-process-banner-1920&#215;306-1.jpg?id=16333) !important;background-position: ...\" \/>\n<meta property=\"og:url\" content=\"https:\/\/marcegaglia.mx\/es\/calidad-y-servicio\/\" \/>\n<meta property=\"og:site_name\" content=\"Marcegaglia Mexico\" \/>\n<meta property=\"article:modified_time\" content=\"2024-06-17T14:18:40+00:00\" \/>\n<meta name=\"twitter:card\" content=\"summary_large_image\" \/>\n<meta name=\"twitter:label1\" content=\"Tiempo de lectura\" \/>\n\t<meta name=\"twitter:data1\" content=\"2 minutos\" \/>\n<script type=\"application\/ld+json\" class=\"yoast-schema-graph\">{\"@context\":\"https:\/\/schema.org\",\"@graph\":[{\"@type\":\"WebPage\",\"@id\":\"https:\/\/marcegaglia.mx\/es\/calidad-y-servicio\/\",\"url\":\"https:\/\/marcegaglia.mx\/es\/calidad-y-servicio\/\",\"name\":\"Calidad y servicio - Marcegaglia Mexico\",\"isPartOf\":{\"@id\":\"https:\/\/marcegaglia.mx\/es\/#website\"},\"datePublished\":\"2020-09-25T10:59:42+00:00\",\"dateModified\":\"2024-06-17T14:18:40+00:00\",\"breadcrumb\":{\"@id\":\"https:\/\/marcegaglia.mx\/es\/calidad-y-servicio\/#breadcrumb\"},\"inLanguage\":\"es\",\"potentialAction\":[{\"@type\":\"ReadAction\",\"target\":[\"https:\/\/marcegaglia.mx\/es\/calidad-y-servicio\/\"]}]},{\"@type\":\"BreadcrumbList\",\"@id\":\"https:\/\/marcegaglia.mx\/es\/calidad-y-servicio\/#breadcrumb\",\"itemListElement\":[{\"@type\":\"ListItem\",\"position\":1,\"name\":\"Home\",\"item\":\"https:\/\/marcegaglia.mx\/es\/\"},{\"@type\":\"ListItem\",\"position\":2,\"name\":\"Calidad y servicio\"}]},{\"@type\":\"WebSite\",\"@id\":\"https:\/\/marcegaglia.mx\/es\/#website\",\"url\":\"https:\/\/marcegaglia.mx\/es\/\",\"name\":\"Marcegaglia Mexico\",\"description\":\"We give shape to steel\",\"potentialAction\":[{\"@type\":\"SearchAction\",\"target\":{\"@type\":\"EntryPoint\",\"urlTemplate\":\"https:\/\/marcegaglia.mx\/es\/?s={search_term_string}\"},\"query-input\":{\"@type\":\"PropertyValueSpecification\",\"valueRequired\":true,\"valueName\":\"search_term_string\"}}],\"inLanguage\":\"es\"}]}<\/script>\n<!-- \/ Yoast SEO plugin. -->","yoast_head_json":{"title":"Calidad y servicio - Marcegaglia Mexico","robots":{"index":"index","follow":"follow","max-snippet":"max-snippet:-1","max-image-preview":"max-image-preview:large","max-video-preview":"max-video-preview:-1"},"canonical":"https:\/\/marcegaglia.mx\/es\/calidad-y-servicio\/","og_locale":"es_ES","og_type":"article","og_title":"Calidad y servicio - Marcegaglia Mexico","og_description":"[vc_row full_width=\u00bbstretch_row_content_no_spaces\u00bb css=\u00bb.vc_custom_1718633917139{margin-bottom: 2em !important;border-bottom-width: 1em !important;padding-top: 1em !important;background-image: url(https:\/\/marcegaglia.mx\/wp-content\/uploads\/2020\/09\/marcegaglia_manufacturing-process-banner-1920&#215;306-1.jpg?id=16333) !important;background-position: ...","og_url":"https:\/\/marcegaglia.mx\/es\/calidad-y-servicio\/","og_site_name":"Marcegaglia Mexico","article_modified_time":"2024-06-17T14:18:40+00:00","twitter_card":"summary_large_image","twitter_misc":{"Tiempo de lectura":"2 minutos"},"schema":{"@context":"https:\/\/schema.org","@graph":[{"@type":"WebPage","@id":"https:\/\/marcegaglia.mx\/es\/calidad-y-servicio\/","url":"https:\/\/marcegaglia.mx\/es\/calidad-y-servicio\/","name":"Calidad y servicio - Marcegaglia Mexico","isPartOf":{"@id":"https:\/\/marcegaglia.mx\/es\/#website"},"datePublished":"2020-09-25T10:59:42+00:00","dateModified":"2024-06-17T14:18:40+00:00","breadcrumb":{"@id":"https:\/\/marcegaglia.mx\/es\/calidad-y-servicio\/#breadcrumb"},"inLanguage":"es","potentialAction":[{"@type":"ReadAction","target":["https:\/\/marcegaglia.mx\/es\/calidad-y-servicio\/"]}]},{"@type":"BreadcrumbList","@id":"https:\/\/marcegaglia.mx\/es\/calidad-y-servicio\/#breadcrumb","itemListElement":[{"@type":"ListItem","position":1,"name":"Home","item":"https:\/\/marcegaglia.mx\/es\/"},{"@type":"ListItem","position":2,"name":"Calidad y servicio"}]},{"@type":"WebSite","@id":"https:\/\/marcegaglia.mx\/es\/#website","url":"https:\/\/marcegaglia.mx\/es\/","name":"Marcegaglia Mexico","description":"We give shape to steel","potentialAction":[{"@type":"SearchAction","target":{"@type":"EntryPoint","urlTemplate":"https:\/\/marcegaglia.mx\/es\/?s={search_term_string}"},"query-input":{"@type":"PropertyValueSpecification","valueRequired":true,"valueName":"search_term_string"}}],"inLanguage":"es"}]}},"_links":{"self":[{"href":"https:\/\/marcegaglia.mx\/es\/wp-json\/wp\/v2\/pages\/15581","targetHints":{"allow":["GET"]}}],"collection":[{"href":"https:\/\/marcegaglia.mx\/es\/wp-json\/wp\/v2\/pages"}],"about":[{"href":"https:\/\/marcegaglia.mx\/es\/wp-json\/wp\/v2\/types\/page"}],"author":[{"embeddable":true,"href":"https:\/\/marcegaglia.mx\/es\/wp-json\/wp\/v2\/users\/1"}],"replies":[{"embeddable":true,"href":"https:\/\/marcegaglia.mx\/es\/wp-json\/wp\/v2\/comments?post=15581"}],"version-history":[{"count":5,"href":"https:\/\/marcegaglia.mx\/es\/wp-json\/wp\/v2\/pages\/15581\/revisions"}],"predecessor-version":[{"id":17188,"href":"https:\/\/marcegaglia.mx\/es\/wp-json\/wp\/v2\/pages\/15581\/revisions\/17188"}],"wp:attachment":[{"href":"https:\/\/marcegaglia.mx\/es\/wp-json\/wp\/v2\/media?parent=15581"}],"curies":[{"name":"wp","href":"https:\/\/api.w.org\/{rel}","templated":true}]}}