{"id":15373,"date":"2020-09-28T10:58:18","date_gmt":"2020-09-28T10:58:18","guid":{"rendered":"https:\/\/marcegaglia.mx\/15370-2\/"},"modified":"2025-07-08T16:08:04","modified_gmt":"2025-07-08T16:08:04","slug":"proceso-de-manufactura","status":"publish","type":"page","link":"https:\/\/marcegaglia.mx\/es\/proceso-de-manufactura\/","title":{"rendered":"Proceso de manufactura"},"content":{"rendered":"<div class=\"wpb-content-wrapper\"><p>[vc_row full_width=\u00bbstretch_row\u00bb css=\u00bb.vc_custom_1601031020410{margin-bottom: 2em !important;padding-top: 10em !important;padding-bottom: 10em !important;background-image: url(https:\/\/marcegaglia.mx\/wp-content\/uploads\/2020\/04\/marcegaglia_manufacturing-process-banner-1920&#215;306-1.jpg?id=6382) !important;background-position: center !important;background-repeat: no-repeat !important;background-size: cover !important;}\u00bb el_id=\u00bbdesk\u00bb][vc_column offset=\u00bbvc_hidden-sm vc_hidden-xs\u00bb][\/vc_column][\/vc_row][vc_row full_width=\u00bbstretch_row\u00bb css=\u00bb.vc_custom_1601031029575{margin-bottom: 2em !important;padding-top: 5em !important;padding-bottom: 5em !important;background-image: url(https:\/\/marcegaglia.mx\/wp-content\/uploads\/2020\/09\/marcegaglia_manufacturing-process-banner-1400&#215;700-1.jpg?id=15216) !important;background-position: center !important;background-repeat: no-repeat !important;background-size: cover !important;}\u00bb el_id=\u00bbresp\u00bb][vc_column offset=\u00bbvc_hidden-lg vc_hidden-md\u00bb][\/vc_column][\/vc_row][vc_row full_width=\u00bbstretch_row\u00bb content_placement=\u00bbmiddle\u00bb css=\u00bb.vc_custom_1586261662873{background-position: center !important;background-repeat: no-repeat !important;background-size: cover !important;}\u00bb][vc_column][vc_column_text]<\/p>\n<h2>PROCESO DE MANUFACTURA<\/h2>\n<p>[\/vc_column_text][vc_empty_space height=\u00bb20px\u00bb][vc_column_text]Gracias al sistema de cadena de suministro certificado por el grupo Marcegaglia, Marcegaglia M\u00e9xico fabrica productos <strong>totalmente trazables<\/strong> a lo largo de todo el proceso, para garantizar la absoluta idoneidad para aplicaciones espec\u00edficas, en cumplimiento de las principales normas reglamentarias. La <strong>avanzada tecnolog\u00eda de producci\u00f3n<\/strong>, equipada con los \u00faltimos sistemas de automatizaci\u00f3n, posibilita cualquier tipo de acabado, ya sea en componentes o accesorios, lo que permite satisfacer los requisitos m\u00e1s exigentes y personalizados.<\/p>\n<p>Haga clic abajo para visualizar el proceso de fabricaci\u00f3n de <strong>Marcegaglia Carbon Steel<\/strong> o <strong>Marcegaglia M\u00e9xico<\/strong>.[\/vc_column_text][vc_empty_space height=\u00bb60px\u00bb][\/vc_column][\/vc_row][vc_row][vc_column]<div id=\"cz_69407\" class=\"cz_69407 cz_tabs clr cz_tabs_htl\"><div class=\"cz_tabs_content\"><a class=\"cz_tab_a hide\" data-tab=\"cz_93746\" href=\"#\"><span class=\"cz_tab_in_title\">MARCEGAGLIA MEXICO<\/span><\/a><div id=\"cz_93746\" class=\"cz_tab\"><div><div id=\"cz_99424\" class=\"cz_99424 cz_image_hover_zoom\"><div><a href=\"https:\/\/marcegaglia.mx\/wp-content\/uploads\/2025\/07\/manufactoring-mexico.png\" data-xtra-lightbox><img decoding=\"async\" width=\"2048\" height=\"1080\" src=\"https:\/\/marcegaglia.mx\/wp-content\/uploads\/2025\/07\/manufactoring-mexico.png\" class=\"attachment-full\" alt=\"\" title=\"manufactoring-mexico\" srcset=\"https:\/\/marcegaglia.mx\/wp-content\/uploads\/2025\/07\/manufactoring-mexico.png 2048w, https:\/\/marcegaglia.mx\/wp-content\/uploads\/2025\/07\/manufactoring-mexico-300x158.png 300w, https:\/\/marcegaglia.mx\/wp-content\/uploads\/2025\/07\/manufactoring-mexico-1024x540.png 1024w, https:\/\/marcegaglia.mx\/wp-content\/uploads\/2025\/07\/manufactoring-mexico-150x79.png 150w, https:\/\/marcegaglia.mx\/wp-content\/uploads\/2025\/07\/manufactoring-mexico-768x405.png 768w, https:\/\/marcegaglia.mx\/wp-content\/uploads\/2025\/07\/manufactoring-mexico-1536x810.png 1536w, https:\/\/marcegaglia.mx\/wp-content\/uploads\/2025\/07\/manufactoring-mexico-600x316.png 600w\" sizes=\"(max-width: 2048px) 100vw, 2048px\" \/><\/a><\/div><\/div><\/div><\/div><a class=\"cz_tab_a hide\" data-tab=\"cz_38998\" href=\"#\"><span class=\"cz_tab_in_title\">MARCEGAGLIA CARBON STEEL<\/span><\/a><div id=\"cz_38998\" class=\"cz_tab\"><div><div id=\"cz_24026\" class=\"cz_24026 cz_image_hover_zoom\"><div><a href=\"https:\/\/marcegaglia.mx\/wp-content\/uploads\/2025\/07\/manufactoring-cs.png\" data-xtra-lightbox><img decoding=\"async\" width=\"2048\" height=\"1080\" src=\"https:\/\/marcegaglia.mx\/wp-content\/uploads\/2025\/07\/manufactoring-cs.png\" class=\"attachment-full\" alt=\"\" title=\"manufactoring-cs\" srcset=\"https:\/\/marcegaglia.mx\/wp-content\/uploads\/2025\/07\/manufactoring-cs.png 2048w, https:\/\/marcegaglia.mx\/wp-content\/uploads\/2025\/07\/manufactoring-cs-300x158.png 300w, https:\/\/marcegaglia.mx\/wp-content\/uploads\/2025\/07\/manufactoring-cs-1024x540.png 1024w, https:\/\/marcegaglia.mx\/wp-content\/uploads\/2025\/07\/manufactoring-cs-150x79.png 150w, https:\/\/marcegaglia.mx\/wp-content\/uploads\/2025\/07\/manufactoring-cs-768x405.png 768w, https:\/\/marcegaglia.mx\/wp-content\/uploads\/2025\/07\/manufactoring-cs-1536x810.png 1536w, https:\/\/marcegaglia.mx\/wp-content\/uploads\/2025\/07\/manufactoring-cs-600x316.png 600w\" sizes=\"(max-width: 2048px) 100vw, 2048px\" \/><\/a><\/div><\/div><\/div><\/div><\/div><\/div>[vc_empty_space height=\u00bb60px\u00bb][\/vc_column][\/vc_row]<\/p>\n<\/div>","protected":false},"excerpt":{"rendered":"<p>[vc_row full_width=\u00bbstretch_row\u00bb css=\u00bb.vc_custom_1601031020410{margin-bottom: 2em !important;padding-top: 10em !important;padding-bottom: 10em !important;background-image: url(https:\/\/marcegaglia.mx\/wp-content\/uploads\/2020\/04\/marcegaglia_manufacturing-process-banner-1920&#215;306-1.jpg?id=6382) !important;background-position: &#8230; <\/p>\n","protected":false},"author":1,"featured_media":0,"parent":0,"menu_order":0,"comment_status":"closed","ping_status":"closed","template":"","meta":{"footnotes":""},"class_list":["post-15373","page","type-page","status-publish","hentry"],"yoast_head":"<!-- This site is optimized with the Yoast SEO plugin v25.4 - https:\/\/yoast.com\/wordpress\/plugins\/seo\/ -->\n<title>Proceso de manufactura - Marcegaglia Mexico<\/title>\n<meta name=\"robots\" content=\"index, follow, max-snippet:-1, max-image-preview:large, max-video-preview:-1\" \/>\n<link rel=\"canonical\" href=\"https:\/\/marcegaglia.mx\/es\/proceso-de-manufactura\/\" \/>\n<meta property=\"og:locale\" content=\"es_ES\" \/>\n<meta property=\"og:type\" content=\"article\" \/>\n<meta property=\"og:title\" content=\"Proceso de manufactura - Marcegaglia Mexico\" \/>\n<meta property=\"og:description\" content=\"[vc_row full_width=\u00bbstretch_row\u00bb css=\u00bb.vc_custom_1601031020410{margin-bottom: 2em !important;padding-top: 10em !important;padding-bottom: 10em !important;background-image: url(https:\/\/marcegaglia.mx\/wp-content\/uploads\/2020\/04\/marcegaglia_manufacturing-process-banner-1920&#215;306-1.jpg?id=6382) !important;background-position: ...\" \/>\n<meta property=\"og:url\" content=\"https:\/\/marcegaglia.mx\/es\/proceso-de-manufactura\/\" \/>\n<meta property=\"og:site_name\" content=\"Marcegaglia Mexico\" \/>\n<meta property=\"article:modified_time\" content=\"2025-07-08T16:08:04+00:00\" \/>\n<meta name=\"twitter:card\" content=\"summary_large_image\" \/>\n<meta name=\"twitter:label1\" content=\"Tiempo de lectura\" \/>\n\t<meta name=\"twitter:data1\" content=\"2 minutos\" \/>\n<script type=\"application\/ld+json\" class=\"yoast-schema-graph\">{\"@context\":\"https:\/\/schema.org\",\"@graph\":[{\"@type\":\"WebPage\",\"@id\":\"https:\/\/marcegaglia.mx\/es\/proceso-de-manufactura\/\",\"url\":\"https:\/\/marcegaglia.mx\/es\/proceso-de-manufactura\/\",\"name\":\"Proceso de manufactura - Marcegaglia Mexico\",\"isPartOf\":{\"@id\":\"https:\/\/marcegaglia.mx\/es\/#website\"},\"datePublished\":\"2020-09-28T10:58:18+00:00\",\"dateModified\":\"2025-07-08T16:08:04+00:00\",\"breadcrumb\":{\"@id\":\"https:\/\/marcegaglia.mx\/es\/proceso-de-manufactura\/#breadcrumb\"},\"inLanguage\":\"es\",\"potentialAction\":[{\"@type\":\"ReadAction\",\"target\":[\"https:\/\/marcegaglia.mx\/es\/proceso-de-manufactura\/\"]}]},{\"@type\":\"BreadcrumbList\",\"@id\":\"https:\/\/marcegaglia.mx\/es\/proceso-de-manufactura\/#breadcrumb\",\"itemListElement\":[{\"@type\":\"ListItem\",\"position\":1,\"name\":\"Home\",\"item\":\"https:\/\/marcegaglia.mx\/es\/\"},{\"@type\":\"ListItem\",\"position\":2,\"name\":\"Proceso de manufactura\"}]},{\"@type\":\"WebSite\",\"@id\":\"https:\/\/marcegaglia.mx\/es\/#website\",\"url\":\"https:\/\/marcegaglia.mx\/es\/\",\"name\":\"Marcegaglia Mexico\",\"description\":\"We give shape to steel\",\"potentialAction\":[{\"@type\":\"SearchAction\",\"target\":{\"@type\":\"EntryPoint\",\"urlTemplate\":\"https:\/\/marcegaglia.mx\/es\/?s={search_term_string}\"},\"query-input\":{\"@type\":\"PropertyValueSpecification\",\"valueRequired\":true,\"valueName\":\"search_term_string\"}}],\"inLanguage\":\"es\"}]}<\/script>\n<!-- \/ Yoast SEO plugin. -->","yoast_head_json":{"title":"Proceso de manufactura - Marcegaglia Mexico","robots":{"index":"index","follow":"follow","max-snippet":"max-snippet:-1","max-image-preview":"max-image-preview:large","max-video-preview":"max-video-preview:-1"},"canonical":"https:\/\/marcegaglia.mx\/es\/proceso-de-manufactura\/","og_locale":"es_ES","og_type":"article","og_title":"Proceso de manufactura - Marcegaglia Mexico","og_description":"[vc_row full_width=\u00bbstretch_row\u00bb css=\u00bb.vc_custom_1601031020410{margin-bottom: 2em !important;padding-top: 10em !important;padding-bottom: 10em !important;background-image: url(https:\/\/marcegaglia.mx\/wp-content\/uploads\/2020\/04\/marcegaglia_manufacturing-process-banner-1920&#215;306-1.jpg?id=6382) !important;background-position: ...","og_url":"https:\/\/marcegaglia.mx\/es\/proceso-de-manufactura\/","og_site_name":"Marcegaglia Mexico","article_modified_time":"2025-07-08T16:08:04+00:00","twitter_card":"summary_large_image","twitter_misc":{"Tiempo de lectura":"2 minutos"},"schema":{"@context":"https:\/\/schema.org","@graph":[{"@type":"WebPage","@id":"https:\/\/marcegaglia.mx\/es\/proceso-de-manufactura\/","url":"https:\/\/marcegaglia.mx\/es\/proceso-de-manufactura\/","name":"Proceso de manufactura - Marcegaglia Mexico","isPartOf":{"@id":"https:\/\/marcegaglia.mx\/es\/#website"},"datePublished":"2020-09-28T10:58:18+00:00","dateModified":"2025-07-08T16:08:04+00:00","breadcrumb":{"@id":"https:\/\/marcegaglia.mx\/es\/proceso-de-manufactura\/#breadcrumb"},"inLanguage":"es","potentialAction":[{"@type":"ReadAction","target":["https:\/\/marcegaglia.mx\/es\/proceso-de-manufactura\/"]}]},{"@type":"BreadcrumbList","@id":"https:\/\/marcegaglia.mx\/es\/proceso-de-manufactura\/#breadcrumb","itemListElement":[{"@type":"ListItem","position":1,"name":"Home","item":"https:\/\/marcegaglia.mx\/es\/"},{"@type":"ListItem","position":2,"name":"Proceso de manufactura"}]},{"@type":"WebSite","@id":"https:\/\/marcegaglia.mx\/es\/#website","url":"https:\/\/marcegaglia.mx\/es\/","name":"Marcegaglia Mexico","description":"We give shape to steel","potentialAction":[{"@type":"SearchAction","target":{"@type":"EntryPoint","urlTemplate":"https:\/\/marcegaglia.mx\/es\/?s={search_term_string}"},"query-input":{"@type":"PropertyValueSpecification","valueRequired":true,"valueName":"search_term_string"}}],"inLanguage":"es"}]}},"_links":{"self":[{"href":"https:\/\/marcegaglia.mx\/es\/wp-json\/wp\/v2\/pages\/15373","targetHints":{"allow":["GET"]}}],"collection":[{"href":"https:\/\/marcegaglia.mx\/es\/wp-json\/wp\/v2\/pages"}],"about":[{"href":"https:\/\/marcegaglia.mx\/es\/wp-json\/wp\/v2\/types\/page"}],"author":[{"embeddable":true,"href":"https:\/\/marcegaglia.mx\/es\/wp-json\/wp\/v2\/users\/1"}],"replies":[{"embeddable":true,"href":"https:\/\/marcegaglia.mx\/es\/wp-json\/wp\/v2\/comments?post=15373"}],"version-history":[{"count":5,"href":"https:\/\/marcegaglia.mx\/es\/wp-json\/wp\/v2\/pages\/15373\/revisions"}],"predecessor-version":[{"id":17245,"href":"https:\/\/marcegaglia.mx\/es\/wp-json\/wp\/v2\/pages\/15373\/revisions\/17245"}],"wp:attachment":[{"href":"https:\/\/marcegaglia.mx\/es\/wp-json\/wp\/v2\/media?parent=15373"}],"curies":[{"name":"wp","href":"https:\/\/api.w.org\/{rel}","templated":true}]}}