{"id":15298,"date":"2020-03-20T15:19:33","date_gmt":"2020-03-20T15:19:33","guid":{"rendered":"https:\/\/marcegaglia.mx\/marcegaglia-mexico\/"},"modified":"2025-01-22T16:20:33","modified_gmt":"2025-01-22T16:20:33","slug":"marcegaglia-mexico","status":"publish","type":"page","link":"https:\/\/marcegaglia.mx\/es\/marcegaglia-mexico\/","title":{"rendered":"Marcegaglia Mexico"},"content":{"rendered":"<div class=\"wpb-content-wrapper\"><p>[vc_row full_width=\u00bbstretch_row_content_no_spaces\u00bb css=\u00bb.vc_custom_1603811641292{margin-bottom: 2em !important;background-image: url(https:\/\/marcegaglia.mx\/wp-content\/uploads\/2020\/10\/Marcegaglia-Carbon-Steel-Mexico-plant_1920.jpg?id=16627) !important;background-position: center !important;background-repeat: no-repeat !important;background-size: cover !important;}\u00bb el_id=\u00bbdesk\u00bb][vc_column css=\u00bb.vc_custom_1588591974425{padding-top: 10em !important;padding-bottom: 10em !important;background-position: center !important;background-repeat: no-repeat !important;background-size: cover !important;}\u00bb el_id=\u00bbdesk\u00bb offset=\u00bbvc_hidden-sm vc_hidden-xs\u00bb][\/vc_column][\/vc_row][vc_row full_width=\u00bbstretch_row_content_no_spaces\u00bb css=\u00bb.vc_custom_1603811652466{margin-bottom: 2em !important;padding-top: 5em !important;padding-bottom: 5em !important;background-image: url(https:\/\/marcegaglia.mx\/wp-content\/uploads\/2020\/10\/Marcegaglia-Carbon-Steel-Mexico-plant_mobile.jpg?id=16629) !important;background-position: center !important;background-repeat: no-repeat !important;background-size: cover !important;}\u00bb el_id=\u00bbresp\u00bb][vc_column css=\u00bb.vc_custom_1588592239658{background-position: center !important;background-repeat: no-repeat !important;background-size: cover !important;}\u00bb el_id=\u00bbresp\u00bb offset=\u00bbvc_hidden-lg vc_hidden-md\u00bb][\/vc_column][\/vc_row][vc_row full_width=\u00bbstretch_row\u00bb css=\u00bb.vc_custom_1585745297547{margin-bottom: 2em !important;background-position: center !important;background-repeat: no-repeat !important;background-size: cover !important;}\u00bb][vc_column width=\u00bb1\/2&#8243; el_id=\u00bbdesc_impianto\u00bb][vc_column_text]<\/p>\n<h3>MARCEGAGLIA M\u00c9XICO<\/h3>\n<p><strong>PRODUCTOS MET\u00c1LICOS PARA LA INDUSTRIA DE LA REFRIGERACI\u00d3N DOM\u00c9STICA Y COMERCIAL<\/strong><\/p>\n<p>Marcegaglia M\u00e9xico ha ubicado sus operaciones en Corregidora Quer\u00e9taro de forma estrat\u00e9gica para poder suministrar soluciones de refrigeraci\u00f3n a la industria dom\u00e9stica y comercial de Norteam\u00e9rica. Empresa con capital humano y altamente capacitado para ofrecer un servicio de clase mundial.<\/p>\n<p>Marcegaglia M\u00e9xico abastece a los principales distritos de producci\u00f3n a trav\u00e9s de su red mundial de plantas en el sector que incluye, adem\u00e1s de la planta de Corregidora Quer\u00e9taro, la unidad de producci\u00f3n de <strong>Garuva<\/strong>, en el estado de Santa Catarina en Brasil, la planta de <strong>Funza<\/strong> situada en Colombia, la unidad de <strong>Praszka<\/strong> en Polonia y los molinos italianos situados en <strong>Forl\u00ec<\/strong> y en <strong>Fontanafredda<\/strong> (Pordenone).<\/p>\n<p>[\/vc_column_text][vc_empty_space][vc_column_text]<\/p>\n<h3>L\u00cdNEAS DE PRODUCCI\u00d3N<\/h3>\n<p>La planta de Marcegaglia M\u00e9xico en Quer\u00e9taro se extiende por m\u00e1s de 40.000 m\u00b2 &#8211; superficie cubierta 16.741 m\u00b2 &#8211; y fabrica una amplia gama de productos para la industria de la refrigeraci\u00f3n como <strong>tuber\u00eda de acero, condensadores WoT, condensadores de placa, tubos de evaporaci\u00f3n.<\/strong>[\/vc_column_text][vc_empty_space height=\u00bb20px\u00bb][vc_row_inner equal_height=\u00bbyes\u00bb content_placement=\u00bbmiddle\u00bb][vc_column_inner width=\u00bb1\/2&#8243;][vc_single_image image=\u00bb16693&#8243; img_size=\u00bbfull\u00bb onclick=\u00bbzoom\u00bb][\/vc_column_inner][vc_column_inner width=\u00bb1\/2&#8243;][vc_column_text]<\/p>\n<ol class=\"custom-counter\">\n<li>Condensador de Tubo y Alambre<\/li>\n<li>Condensador de Tubo y Lamina<\/li>\n<li>Tubos Pre-enfriadores de Zinc<\/li>\n<li>Tubo de Acero Carbon<\/li>\n<\/ol>\n<p>[\/vc_column_text][\/vc_column_inner][\/vc_row_inner][\/vc_column][vc_column width=\u00bb1\/2&#8243;][vc_empty_space]<div id=\"cz_15837\" class=\"cz_15837 slick arrows_mlr no_dots arrows_inner\" data-slick='{\"selector\":\"\",\"slidesToShow\":1,\"slidesToScroll\":1,\"rows\":1,\"fade\":true,\"vertical\":false,\"verticalSwiping\":false,\"infinite\":true,\"speed\":1000,\"swipeToSlide\":true,\"centerMode\":false,\"centerPadding\":\"\",\"variableWidth\":false,\"autoplay\":false,\"autoplaySpeed\":4000,\"dots\":true,\"counts\":false,\"adaptiveHeight\":false,\"responsive\":[{\"breakpoint\":769,\"settings\":{\"slidesToShow\":1,\"slidesToScroll\":1,\"infinite\":true,\"touchMove\":true}},{\"breakpoint\":481,\"settings\":{\"slidesToShow\":1,\"slidesToScroll\":1,\"infinite\":true,\"touchMove\":true}}]}' data-slick-prev=\"fa fa-chevron-left\" data-slick-next=\"fa fa-chevron-right\">[vc_single_image image=\u00bb16632&#8243; img_size=\u00bbfull\u00bb onclick=\u00bbcustom_link\u00bb link=\u00bb#\u00bb][vc_single_image image=\u00bb15286&#8243; img_size=\u00bbfull\u00bb onclick=\u00bbcustom_link\u00bb link=\u00bb#\u00bb][vc_single_image image=\u00bb15296&#8243; img_size=\u00bbfull\u00bb onclick=\u00bbcustom_link\u00bb link=\u00bb#\u00bb][vc_single_image image=\u00bb16634&#8243; img_size=\u00bbfull\u00bb onclick=\u00bbcustom_link\u00bb link=\u00bb#\u00bb]<\/div><div><\/div>[\/vc_column][\/vc_row][vc_row full_width=\u00bbstretch_row_content_no_spaces\u00bb css=\u00bb.vc_custom_1584703389878{padding-top: 10em !important;padding-bottom: 10em !important;background-position: center !important;background-repeat: no-repeat !important;background-size: cover !important;}\u00bb el_id=\u00bbmappa_stabilimento\u00bb][vc_column][vc_gmaps link=\u00bb#E-8_JTNDaWZyYW1lJTIwd2lkdGglM0QlMjI3MDAlMjIlMjBoZWlnaHQlM0QlMjI0NDAlMjIlMjBzcmMlM0QlMjJodHRwcyUzQSUyRiUyRm1hcHMuZ29vZ2xlLmNvbSUyRm1hcHMlM0Z3aWR0aCUzRDcwMCUyNmFtcCUzQmhlaWdodCUzRDQ0MCUyNmFtcCUzQmhsJTNEZW4lMjZhbXAlM0JxJTNETWFyY2VnYWdsaWElMjUyME1leGljbyUyNTJDJTI1MjBGcmFjY2lvbmFtaWVudG8lMjUyMExvbWFzJTI1MjBkZSUyNTIwQmFsdmFuZXJhJTI1MkMlMjUyMEJhbHZhbmVyYSUyNTJDJTI1MjBFbCUyNTIwUHVlYmxpdG8lMjUyQyUyNTIwUXJvLiUyNTJDJTI1MjBNZXhpY28lMkIlMjhUaXRvbG8lMjklMjZhbXAlM0JpZSUzRFVURjglMjZhbXAlM0J0JTNEJTI2YW1wJTNCeiUzRDEwJTI2YW1wJTNCaXdsb2MlM0RCJTI2YW1wJTNCb3V0cHV0JTNEZW1iZWQlMjIlMjBmcmFtZWJvcmRlciUzRCUyMjAlMjIlMjBzY3JvbGxpbmclM0QlMjJubyUyMiUyMG1hcmdpbmhlaWdodCUzRCUyMjAlMjIlMjBtYXJnaW53aWR0aCUzRCUyMjAlMjIlM0UlM0MlMkZpZnJhbWUlM0U=\u00bb size=\u00bb300&#8243;][\/vc_column][\/vc_row]<\/p>\n<\/div>","protected":false},"excerpt":{"rendered":"<p>[vc_row full_width=\u00bbstretch_row_content_no_spaces\u00bb css=\u00bb.vc_custom_1603811641292{margin-bottom: 2em !important;background-image: url(https:\/\/marcegaglia.mx\/wp-content\/uploads\/2020\/10\/Marcegaglia-Carbon-Steel-Mexico-plant_1920.jpg?id=16627) !important;background-position: center !important;background-repeat: no-repeat !important;background-size: &#8230; <\/p>\n","protected":false},"author":1,"featured_media":0,"parent":0,"menu_order":0,"comment_status":"closed","ping_status":"closed","template":"","meta":{"footnotes":""},"class_list":["post-15298","page","type-page","status-publish","hentry"],"yoast_head":"<!-- This site is optimized with the Yoast SEO plugin v25.4 - https:\/\/yoast.com\/wordpress\/plugins\/seo\/ -->\n<title>Marcegaglia Mexico - Marcegaglia Mexico<\/title>\n<meta name=\"robots\" content=\"index, follow, max-snippet:-1, max-image-preview:large, max-video-preview:-1\" \/>\n<link rel=\"canonical\" href=\"https:\/\/marcegaglia.mx\/es\/marcegaglia-mexico\/\" \/>\n<meta property=\"og:locale\" content=\"es_ES\" \/>\n<meta property=\"og:type\" content=\"article\" \/>\n<meta property=\"og:title\" content=\"Marcegaglia Mexico - Marcegaglia Mexico\" \/>\n<meta property=\"og:description\" content=\"[vc_row full_width=\u00bbstretch_row_content_no_spaces\u00bb css=\u00bb.vc_custom_1603811641292{margin-bottom: 2em !important;background-image: url(https:\/\/marcegaglia.mx\/wp-content\/uploads\/2020\/10\/Marcegaglia-Carbon-Steel-Mexico-plant_1920.jpg?id=16627) !important;background-position: center !important;background-repeat: no-repeat !important;background-size: ...\" \/>\n<meta property=\"og:url\" content=\"https:\/\/marcegaglia.mx\/es\/marcegaglia-mexico\/\" \/>\n<meta property=\"og:site_name\" content=\"Marcegaglia Mexico\" \/>\n<meta property=\"article:modified_time\" content=\"2025-01-22T16:20:33+00:00\" \/>\n<meta name=\"twitter:card\" content=\"summary_large_image\" \/>\n<meta name=\"twitter:label1\" content=\"Tiempo de lectura\" \/>\n\t<meta name=\"twitter:data1\" content=\"2 minutos\" \/>\n<script type=\"application\/ld+json\" class=\"yoast-schema-graph\">{\"@context\":\"https:\/\/schema.org\",\"@graph\":[{\"@type\":\"WebPage\",\"@id\":\"https:\/\/marcegaglia.mx\/es\/marcegaglia-mexico\/\",\"url\":\"https:\/\/marcegaglia.mx\/es\/marcegaglia-mexico\/\",\"name\":\"Marcegaglia Mexico - Marcegaglia Mexico\",\"isPartOf\":{\"@id\":\"https:\/\/marcegaglia.mx\/es\/#website\"},\"datePublished\":\"2020-03-20T15:19:33+00:00\",\"dateModified\":\"2025-01-22T16:20:33+00:00\",\"breadcrumb\":{\"@id\":\"https:\/\/marcegaglia.mx\/es\/marcegaglia-mexico\/#breadcrumb\"},\"inLanguage\":\"es\",\"potentialAction\":[{\"@type\":\"ReadAction\",\"target\":[\"https:\/\/marcegaglia.mx\/es\/marcegaglia-mexico\/\"]}]},{\"@type\":\"BreadcrumbList\",\"@id\":\"https:\/\/marcegaglia.mx\/es\/marcegaglia-mexico\/#breadcrumb\",\"itemListElement\":[{\"@type\":\"ListItem\",\"position\":1,\"name\":\"Home\",\"item\":\"https:\/\/marcegaglia.mx\/es\/\"},{\"@type\":\"ListItem\",\"position\":2,\"name\":\"Marcegaglia Mexico\"}]},{\"@type\":\"WebSite\",\"@id\":\"https:\/\/marcegaglia.mx\/es\/#website\",\"url\":\"https:\/\/marcegaglia.mx\/es\/\",\"name\":\"Marcegaglia Mexico\",\"description\":\"We give shape to steel\",\"potentialAction\":[{\"@type\":\"SearchAction\",\"target\":{\"@type\":\"EntryPoint\",\"urlTemplate\":\"https:\/\/marcegaglia.mx\/es\/?s={search_term_string}\"},\"query-input\":{\"@type\":\"PropertyValueSpecification\",\"valueRequired\":true,\"valueName\":\"search_term_string\"}}],\"inLanguage\":\"es\"}]}<\/script>\n<!-- \/ Yoast SEO plugin. -->","yoast_head_json":{"title":"Marcegaglia Mexico - Marcegaglia Mexico","robots":{"index":"index","follow":"follow","max-snippet":"max-snippet:-1","max-image-preview":"max-image-preview:large","max-video-preview":"max-video-preview:-1"},"canonical":"https:\/\/marcegaglia.mx\/es\/marcegaglia-mexico\/","og_locale":"es_ES","og_type":"article","og_title":"Marcegaglia Mexico - Marcegaglia Mexico","og_description":"[vc_row full_width=\u00bbstretch_row_content_no_spaces\u00bb css=\u00bb.vc_custom_1603811641292{margin-bottom: 2em !important;background-image: url(https:\/\/marcegaglia.mx\/wp-content\/uploads\/2020\/10\/Marcegaglia-Carbon-Steel-Mexico-plant_1920.jpg?id=16627) !important;background-position: center !important;background-repeat: no-repeat !important;background-size: ...","og_url":"https:\/\/marcegaglia.mx\/es\/marcegaglia-mexico\/","og_site_name":"Marcegaglia Mexico","article_modified_time":"2025-01-22T16:20:33+00:00","twitter_card":"summary_large_image","twitter_misc":{"Tiempo de lectura":"2 minutos"},"schema":{"@context":"https:\/\/schema.org","@graph":[{"@type":"WebPage","@id":"https:\/\/marcegaglia.mx\/es\/marcegaglia-mexico\/","url":"https:\/\/marcegaglia.mx\/es\/marcegaglia-mexico\/","name":"Marcegaglia Mexico - Marcegaglia Mexico","isPartOf":{"@id":"https:\/\/marcegaglia.mx\/es\/#website"},"datePublished":"2020-03-20T15:19:33+00:00","dateModified":"2025-01-22T16:20:33+00:00","breadcrumb":{"@id":"https:\/\/marcegaglia.mx\/es\/marcegaglia-mexico\/#breadcrumb"},"inLanguage":"es","potentialAction":[{"@type":"ReadAction","target":["https:\/\/marcegaglia.mx\/es\/marcegaglia-mexico\/"]}]},{"@type":"BreadcrumbList","@id":"https:\/\/marcegaglia.mx\/es\/marcegaglia-mexico\/#breadcrumb","itemListElement":[{"@type":"ListItem","position":1,"name":"Home","item":"https:\/\/marcegaglia.mx\/es\/"},{"@type":"ListItem","position":2,"name":"Marcegaglia Mexico"}]},{"@type":"WebSite","@id":"https:\/\/marcegaglia.mx\/es\/#website","url":"https:\/\/marcegaglia.mx\/es\/","name":"Marcegaglia Mexico","description":"We give shape to steel","potentialAction":[{"@type":"SearchAction","target":{"@type":"EntryPoint","urlTemplate":"https:\/\/marcegaglia.mx\/es\/?s={search_term_string}"},"query-input":{"@type":"PropertyValueSpecification","valueRequired":true,"valueName":"search_term_string"}}],"inLanguage":"es"}]}},"_links":{"self":[{"href":"https:\/\/marcegaglia.mx\/es\/wp-json\/wp\/v2\/pages\/15298","targetHints":{"allow":["GET"]}}],"collection":[{"href":"https:\/\/marcegaglia.mx\/es\/wp-json\/wp\/v2\/pages"}],"about":[{"href":"https:\/\/marcegaglia.mx\/es\/wp-json\/wp\/v2\/types\/page"}],"author":[{"embeddable":true,"href":"https:\/\/marcegaglia.mx\/es\/wp-json\/wp\/v2\/users\/1"}],"replies":[{"embeddable":true,"href":"https:\/\/marcegaglia.mx\/es\/wp-json\/wp\/v2\/comments?post=15298"}],"version-history":[{"count":5,"href":"https:\/\/marcegaglia.mx\/es\/wp-json\/wp\/v2\/pages\/15298\/revisions"}],"predecessor-version":[{"id":17209,"href":"https:\/\/marcegaglia.mx\/es\/wp-json\/wp\/v2\/pages\/15298\/revisions\/17209"}],"wp:attachment":[{"href":"https:\/\/marcegaglia.mx\/es\/wp-json\/wp\/v2\/media?parent=15298"}],"curies":[{"name":"wp","href":"https:\/\/api.w.org\/{rel}","templated":true}]}}