{"id":15252,"date":"2020-06-24T08:02:24","date_gmt":"2020-06-24T08:02:24","guid":{"rendered":"https:\/\/marcegaglia.mx\/tubos-refrigeracion\/"},"modified":"2025-01-22T17:09:10","modified_gmt":"2025-01-22T17:09:10","slug":"componentes-para-refrigeracion","status":"publish","type":"page","link":"https:\/\/marcegaglia.mx\/es\/componentes-para-refrigeracion\/","title":{"rendered":"Componentes para refrigeraci\u00f3n"},"content":{"rendered":"<div class=\"wpb-content-wrapper\"><p>[vc_row full_width=\u00bbstretch_row_content_no_spaces\u00bb css=\u00bb.vc_custom_1601997704690{margin-bottom: 2em !important;background-image: url(https:\/\/marcegaglia.mx\/wp-content\/uploads\/2020\/10\/mx_testata.jpg?id=15820) !important;background-position: center !important;background-repeat: no-repeat !important;background-size: cover !important;}\u00bb el_id=\u00bbdesk\u00bb][vc_column css=\u00bb.vc_custom_1588591974425{padding-top: 10em !important;padding-bottom: 10em !important;background-position: center !important;background-repeat: no-repeat !important;background-size: cover !important;}\u00bb el_id=\u00bbdesk\u00bb offset=\u00bbvc_hidden-sm vc_hidden-xs\u00bb][\/vc_column][\/vc_row][vc_row full_width=\u00bbstretch_row_content_no_spaces\u00bb css=\u00bb.vc_custom_1601997715971{margin-bottom: 2em !important;padding-top: 5em !important;padding-bottom: 5em !important;background-image: url(https:\/\/marcegaglia.mx\/wp-content\/uploads\/2020\/10\/mx_testata.jpg?id=15820) !important;background-position: center !important;background-repeat: no-repeat !important;background-size: cover !important;}\u00bb el_id=\u00bbresp\u00bb][vc_column css=\u00bb.vc_custom_1588592239658{background-position: center !important;background-repeat: no-repeat !important;background-size: cover !important;}\u00bb el_id=\u00bbresp\u00bb offset=\u00bbvc_hidden-lg vc_hidden-md\u00bb][\/vc_column][\/vc_row][vc_row full_width=\u00bbstretch_row\u00bb css=\u00bb.vc_custom_1585049350308{margin-bottom: 2em !important;background-position: center !important;background-repeat: no-repeat !important;background-size: cover !important;}\u00bb][vc_column][vc_column_text]\/<a href=\"https:\/\/marcegaglia.mx\/es\/productos-y-componentes-de-refrigeracion\/\">Productos y componentes de refrigeraci\u00f3n<\/a>\/Componentes para refrigeraci\u00f3n[\/vc_column_text][\/vc_column][\/vc_row][vc_row full_width=\u00bbstretch_row\u00bb css=\u00bb.vc_custom_1585049350308{margin-bottom: 2em !important;background-position: center !important;background-repeat: no-repeat !important;background-size: cover !important;}\u00bb][vc_column width=\u00bb1\/2&#8243;][vc_column_text]<\/p>\n<h2>COMPONENTES PARA REFRIGERACI\u00d3N<\/h2>\n<p>[\/vc_column_text][vc_empty_space height=\u00bb20px\u00bb][vc_column_text]Marcegaglia M\u00e9xico fabrica un producto de libre mantenimiento orientado al sector comercial que puede ser usado en el sector dom\u00e9stico tambi\u00e9n, utilizando una <strong>lamina de acero<\/strong> que previene la acumulaci\u00f3n de polvo o suciedad evitando obstrucciones lo que lo hace de un bajo mantenimiento denomin\u00e1ndolo de libre mantenimiento. Cuentan con una fabricaci\u00f3n de acuerdo a los \u00faltimos est\u00e1ndares del mercado nacionales e internacionales al igual que nuestros condensadores de tubo y alambre.[\/vc_column_text][vc_empty_space height=\u00bb20px\u00bb][vc_row_inner el_id=\u00bbresp\u00bb css=\u00bb.vc_custom_1594717890896{margin-bottom: 1em !important;}\u00bb][vc_column_inner width=\u00bb1\/4&#8243; offset=\u00bbvc_col-xs-4&#8243;][vc_single_image image=\u00bb15248&#8243; img_size=\u00bbfull\u00bb onclick=\u00bbcustom_link\u00bb img_link_target=\u00bb_blank\u00bb link=\u00bbhttps:\/\/marcegaglia.mx\/wp-content\/uploads\/2020\/07\/MM_refrigeration_sett2017.pdf\u00bb][\/vc_column_inner][vc_column_inner width=\u00bb1\/4&#8243; offset=\u00bbvc_col-xs-4&#8243;][\/vc_column_inner][vc_column_inner width=\u00bb1\/4&#8243;][\/vc_column_inner][vc_column_inner width=\u00bb1\/4&#8243;][\/vc_column_inner][\/vc_row_inner][vc_column_text]<strong>Tubos de acero de bajo carbono electrosoldado<\/strong>[\/vc_column_text][vc_column_text]<\/p>\n<table style=\"width: 100%;\" border=\"0\" cellspacing=\"0\" cellpadding=\"0\">\n<tbody>\n<tr>\n<td style=\"text-align: left; color: #fff;\" colspan=\"2\" bgcolor=\"#36424a\"><strong>GAMA DE PRODUCTOS<br \/>\n<\/strong><\/td>\n<\/tr>\n<tr>\n<td style=\"text-align: center;\" width=\"70%\"><strong>Di\u00e1metro externo (mm)<\/strong><\/td>\n<td style=\"text-align: center;\"><strong>4,76<br \/>\n<\/strong><\/td>\n<\/tr>\n<tr>\n<td style=\"text-align: center;\" width=\"70%\"><strong>Tolerancia (mm)<\/strong><\/td>\n<td style=\"text-align: center;\"><strong>0,08<br \/>\n<\/strong><\/td>\n<\/tr>\n<tr>\n<td style=\"text-align: center;\" width=\"70%\"><strong>Espesor de pared (mm)<\/strong><\/td>\n<td style=\"text-align: center;\"><strong>0,71<br \/>\n<\/strong><\/td>\n<\/tr>\n<tr>\n<td style=\"text-align: center;\" width=\"70%\"><strong>Tolerancia (mm)<\/strong><\/td>\n<td style=\"text-align: center;\"><strong>0,13<br \/>\n<\/strong><\/td>\n<\/tr>\n<\/tbody>\n<\/table>\n<p>[\/vc_column_text][vc_empty_space height=\u00bb10px\u00bb][vc_column_text]<\/p>\n<table style=\"width: 100%;\" border=\"0\" cellspacing=\"0\" cellpadding=\"0\">\n<tbody>\n<tr>\n<td style=\"text-align: left; color: #fff;\" colspan=\"2\" bgcolor=\"#36424a\"><strong>NORMAS DE FABRICACI\u00d3N<br \/>\n<\/strong><\/td>\n<\/tr>\n<tr>\n<td style=\"text-align: center;\" width=\"40%&quot;\"><strong>1006\/1010 (SAE J526)<\/strong><\/td>\n<td style=\"text-align: center;\">Tubos de acero de bajo carbono electro soldado<\/td>\n<\/tr>\n<\/tbody>\n<\/table>\n<p>[\/vc_column_text][vc_empty_space height=\u00bb20px\u00bb][vc_column_text]<strong>Placas de acero<\/strong>[\/vc_column_text][vc_column_text]<\/p>\n<table class=\"tabella\" style=\"width: 100%;\" border=\"0\" cellspacing=\"0\" cellpadding=\"5\">\n<tbody>\n<tr bgcolor=\"#36424A\">\n<td class=\"titolo-tabella\" colspan=\"2\" align=\"left\" valign=\"top\"><span style=\"color: #ffffff;\"><strong>GAMA DE PRODUCTOS<\/strong><\/span><\/td>\n<\/tr>\n<tr bgcolor=\"#D6D9D0\">\n<td style=\"text-align: center; width: 50%;\" valign=\"top\"><strong>Di\u00e1metro externo mm<\/strong><\/td>\n<td style=\"text-align: center;\" valign=\"top\"><strong>Tolerancia<\/strong><\/td>\n<\/tr>\n<tr>\n<td style=\"text-align: center;\">0,26<\/td>\n<td style=\"text-align: center;\">0,015<\/td>\n<\/tr>\n<\/tbody>\n<\/table>\n<p>[\/vc_column_text][vc_empty_space height=\u00bb10px\u00bb][vc_column_text]<\/p>\n<table style=\"width: 100%;\" border=\"0\" cellspacing=\"0\" cellpadding=\"0\">\n<tbody>\n<tr>\n<td style=\"text-align: left; color: #fff;\" colspan=\"2\" bgcolor=\"#36424a\"><strong>NORMAS DE FABRICACI\u00d3N<\/strong><\/td>\n<\/tr>\n<tr>\n<td style=\"text-align: center;\" width=\"40%&quot;\"><strong>SAE 1008<\/strong><\/td>\n<td style=\"text-align: center;\">Placas de acero<\/td>\n<\/tr>\n<\/tbody>\n<\/table>\n<p>[\/vc_column_text][vc_empty_space height=\u00bb20px\u00bb][vc_column_text]<strong>Pintura electrofor\u00e9tica en polvo<\/strong>[\/vc_column_text][vc_column_text]<\/p>\n<table style=\"width: 100%;\" border=\"0\" cellspacing=\"0\" cellpadding=\"0\">\n<tbody>\n<tr>\n<td style=\"text-align: left; color: #fff;\" colspan=\"2\" bgcolor=\"#36424a\"><strong>GAMA DE PRODUCTOS<\/strong><\/td>\n<\/tr>\n<tr>\n<td style=\"text-align: center;\" width=\"40%&quot;\"><strong>Color<\/strong><\/td>\n<td style=\"text-align: center;\">Negro brillante<\/td>\n<\/tr>\n<\/tbody>\n<\/table>\n<p>[\/vc_column_text][\/vc_column][vc_column width=\u00bb1\/2&#8243;][vc_row_inner el_id=\u00bbdesk\u00bb][vc_column_inner width=\u00bb1\/4&#8243;][vc_single_image image=\u00bb15248&#8243; img_size=\u00bbfull\u00bb onclick=\u00bbcustom_link\u00bb img_link_target=\u00bb_blank\u00bb link=\u00bbhttps:\/\/marcegaglia.mx\/wp-content\/uploads\/2020\/07\/MM_refrigeration_sett2017.pdf\u00bb][\/vc_column_inner][vc_column_inner width=\u00bb1\/4&#8243;][\/vc_column_inner][vc_column_inner width=\u00bb1\/4&#8243;][\/vc_column_inner][vc_column_inner width=\u00bb1\/4&#8243;][\/vc_column_inner][\/vc_row_inner][vc_empty_space height=\u00bb30px\u00bb]<div id=\"cz_95496\" class=\"cz_95496 slick arrows_mlr no_dots arrows_inner\" data-slick='{\"selector\":\"\",\"slidesToShow\":1,\"slidesToScroll\":1,\"rows\":1,\"fade\":true,\"vertical\":false,\"verticalSwiping\":false,\"infinite\":true,\"speed\":1000,\"swipeToSlide\":true,\"centerMode\":false,\"centerPadding\":\"\",\"variableWidth\":false,\"autoplay\":false,\"autoplaySpeed\":4000,\"dots\":true,\"counts\":false,\"adaptiveHeight\":false,\"responsive\":[{\"breakpoint\":769,\"settings\":{\"slidesToShow\":1,\"slidesToScroll\":1,\"infinite\":true,\"touchMove\":true}},{\"breakpoint\":481,\"settings\":{\"slidesToShow\":1,\"slidesToScroll\":1,\"infinite\":true,\"touchMove\":true}}]}' data-slick-prev=\"fa fa-chevron-left\" data-slick-next=\"fa fa-chevron-right\">[vc_single_image image=\u00bb15877&#8243; img_size=\u00bbfull\u00bb]<\/div><div><\/div>[vc_empty_space height=\u00bb30px\u00bb][vc_column_text]<\/p>\n<h4><strong>Solicitud de informaci\u00f3n<\/strong><\/h4>\n<p>[\/vc_column_text][vc_empty_space height=\u00bb30px\u00bb][\/vc_column][\/vc_row]<\/p>\n<\/div>","protected":false},"excerpt":{"rendered":"<p>[vc_row full_width=\u00bbstretch_row_content_no_spaces\u00bb css=\u00bb.vc_custom_1601997704690{margin-bottom: 2em !important;background-image: url(https:\/\/marcegaglia.mx\/wp-content\/uploads\/2020\/10\/mx_testata.jpg?id=15820) !important;background-position: center !important;background-repeat: no-repeat !important;background-size: &#8230; <\/p>\n","protected":false},"author":1,"featured_media":0,"parent":0,"menu_order":0,"comment_status":"closed","ping_status":"closed","template":"","meta":{"footnotes":""},"class_list":["post-15252","page","type-page","status-publish","hentry"],"yoast_head":"<!-- This site is optimized with the Yoast SEO plugin v25.4 - https:\/\/yoast.com\/wordpress\/plugins\/seo\/ -->\n<title>Componentes para refrigeraci\u00f3n - Marcegaglia Mexico<\/title>\n<meta name=\"robots\" content=\"index, follow, max-snippet:-1, max-image-preview:large, max-video-preview:-1\" \/>\n<link rel=\"canonical\" href=\"https:\/\/marcegaglia.mx\/es\/componentes-para-refrigeracion\/\" \/>\n<meta property=\"og:locale\" content=\"es_ES\" \/>\n<meta property=\"og:type\" content=\"article\" \/>\n<meta property=\"og:title\" content=\"Componentes para refrigeraci\u00f3n - Marcegaglia Mexico\" \/>\n<meta property=\"og:description\" content=\"[vc_row full_width=\u00bbstretch_row_content_no_spaces\u00bb css=\u00bb.vc_custom_1601997704690{margin-bottom: 2em !important;background-image: url(https:\/\/marcegaglia.mx\/wp-content\/uploads\/2020\/10\/mx_testata.jpg?id=15820) !important;background-position: center !important;background-repeat: no-repeat !important;background-size: ...\" \/>\n<meta property=\"og:url\" content=\"https:\/\/marcegaglia.mx\/es\/componentes-para-refrigeracion\/\" \/>\n<meta property=\"og:site_name\" content=\"Marcegaglia Mexico\" \/>\n<meta property=\"article:modified_time\" content=\"2025-01-22T17:09:10+00:00\" \/>\n<meta name=\"twitter:card\" content=\"summary_large_image\" \/>\n<meta name=\"twitter:label1\" content=\"Tiempo de lectura\" \/>\n\t<meta name=\"twitter:data1\" content=\"2 minutos\" \/>\n<script type=\"application\/ld+json\" class=\"yoast-schema-graph\">{\"@context\":\"https:\/\/schema.org\",\"@graph\":[{\"@type\":\"WebPage\",\"@id\":\"https:\/\/marcegaglia.mx\/es\/componentes-para-refrigeracion\/\",\"url\":\"https:\/\/marcegaglia.mx\/es\/componentes-para-refrigeracion\/\",\"name\":\"Componentes para refrigeraci\u00f3n - Marcegaglia Mexico\",\"isPartOf\":{\"@id\":\"https:\/\/marcegaglia.mx\/es\/#website\"},\"datePublished\":\"2020-06-24T08:02:24+00:00\",\"dateModified\":\"2025-01-22T17:09:10+00:00\",\"breadcrumb\":{\"@id\":\"https:\/\/marcegaglia.mx\/es\/componentes-para-refrigeracion\/#breadcrumb\"},\"inLanguage\":\"es\",\"potentialAction\":[{\"@type\":\"ReadAction\",\"target\":[\"https:\/\/marcegaglia.mx\/es\/componentes-para-refrigeracion\/\"]}]},{\"@type\":\"BreadcrumbList\",\"@id\":\"https:\/\/marcegaglia.mx\/es\/componentes-para-refrigeracion\/#breadcrumb\",\"itemListElement\":[{\"@type\":\"ListItem\",\"position\":1,\"name\":\"Home\",\"item\":\"https:\/\/marcegaglia.mx\/es\/\"},{\"@type\":\"ListItem\",\"position\":2,\"name\":\"Componentes para refrigeraci\u00f3n\"}]},{\"@type\":\"WebSite\",\"@id\":\"https:\/\/marcegaglia.mx\/es\/#website\",\"url\":\"https:\/\/marcegaglia.mx\/es\/\",\"name\":\"Marcegaglia Mexico\",\"description\":\"We give shape to steel\",\"potentialAction\":[{\"@type\":\"SearchAction\",\"target\":{\"@type\":\"EntryPoint\",\"urlTemplate\":\"https:\/\/marcegaglia.mx\/es\/?s={search_term_string}\"},\"query-input\":{\"@type\":\"PropertyValueSpecification\",\"valueRequired\":true,\"valueName\":\"search_term_string\"}}],\"inLanguage\":\"es\"}]}<\/script>\n<!-- \/ Yoast SEO plugin. -->","yoast_head_json":{"title":"Componentes para refrigeraci\u00f3n - Marcegaglia Mexico","robots":{"index":"index","follow":"follow","max-snippet":"max-snippet:-1","max-image-preview":"max-image-preview:large","max-video-preview":"max-video-preview:-1"},"canonical":"https:\/\/marcegaglia.mx\/es\/componentes-para-refrigeracion\/","og_locale":"es_ES","og_type":"article","og_title":"Componentes para refrigeraci\u00f3n - Marcegaglia Mexico","og_description":"[vc_row full_width=\u00bbstretch_row_content_no_spaces\u00bb css=\u00bb.vc_custom_1601997704690{margin-bottom: 2em !important;background-image: url(https:\/\/marcegaglia.mx\/wp-content\/uploads\/2020\/10\/mx_testata.jpg?id=15820) !important;background-position: center !important;background-repeat: no-repeat !important;background-size: ...","og_url":"https:\/\/marcegaglia.mx\/es\/componentes-para-refrigeracion\/","og_site_name":"Marcegaglia Mexico","article_modified_time":"2025-01-22T17:09:10+00:00","twitter_card":"summary_large_image","twitter_misc":{"Tiempo de lectura":"2 minutos"},"schema":{"@context":"https:\/\/schema.org","@graph":[{"@type":"WebPage","@id":"https:\/\/marcegaglia.mx\/es\/componentes-para-refrigeracion\/","url":"https:\/\/marcegaglia.mx\/es\/componentes-para-refrigeracion\/","name":"Componentes para refrigeraci\u00f3n - Marcegaglia Mexico","isPartOf":{"@id":"https:\/\/marcegaglia.mx\/es\/#website"},"datePublished":"2020-06-24T08:02:24+00:00","dateModified":"2025-01-22T17:09:10+00:00","breadcrumb":{"@id":"https:\/\/marcegaglia.mx\/es\/componentes-para-refrigeracion\/#breadcrumb"},"inLanguage":"es","potentialAction":[{"@type":"ReadAction","target":["https:\/\/marcegaglia.mx\/es\/componentes-para-refrigeracion\/"]}]},{"@type":"BreadcrumbList","@id":"https:\/\/marcegaglia.mx\/es\/componentes-para-refrigeracion\/#breadcrumb","itemListElement":[{"@type":"ListItem","position":1,"name":"Home","item":"https:\/\/marcegaglia.mx\/es\/"},{"@type":"ListItem","position":2,"name":"Componentes para refrigeraci\u00f3n"}]},{"@type":"WebSite","@id":"https:\/\/marcegaglia.mx\/es\/#website","url":"https:\/\/marcegaglia.mx\/es\/","name":"Marcegaglia Mexico","description":"We give shape to steel","potentialAction":[{"@type":"SearchAction","target":{"@type":"EntryPoint","urlTemplate":"https:\/\/marcegaglia.mx\/es\/?s={search_term_string}"},"query-input":{"@type":"PropertyValueSpecification","valueRequired":true,"valueName":"search_term_string"}}],"inLanguage":"es"}]}},"_links":{"self":[{"href":"https:\/\/marcegaglia.mx\/es\/wp-json\/wp\/v2\/pages\/15252","targetHints":{"allow":["GET"]}}],"collection":[{"href":"https:\/\/marcegaglia.mx\/es\/wp-json\/wp\/v2\/pages"}],"about":[{"href":"https:\/\/marcegaglia.mx\/es\/wp-json\/wp\/v2\/types\/page"}],"author":[{"embeddable":true,"href":"https:\/\/marcegaglia.mx\/es\/wp-json\/wp\/v2\/users\/1"}],"replies":[{"embeddable":true,"href":"https:\/\/marcegaglia.mx\/es\/wp-json\/wp\/v2\/comments?post=15252"}],"version-history":[{"count":5,"href":"https:\/\/marcegaglia.mx\/es\/wp-json\/wp\/v2\/pages\/15252\/revisions"}],"predecessor-version":[{"id":17223,"href":"https:\/\/marcegaglia.mx\/es\/wp-json\/wp\/v2\/pages\/15252\/revisions\/17223"}],"wp:attachment":[{"href":"https:\/\/marcegaglia.mx\/es\/wp-json\/wp\/v2\/media?parent=15252"}],"curies":[{"name":"wp","href":"https:\/\/api.w.org\/{rel}","templated":true}]}}