{"id":15225,"date":"2020-07-14T08:45:25","date_gmt":"2020-07-14T08:45:25","guid":{"rendered":"https:\/\/marcegaglia.mx\/products-and-refrigeration-components\/"},"modified":"2020-09-28T10:42:50","modified_gmt":"2020-09-28T10:42:50","slug":"productos-y-componentes-de-refrigeracion","status":"publish","type":"page","link":"https:\/\/marcegaglia.mx\/es\/productos-y-componentes-de-refrigeracion\/","title":{"rendered":"Productos y componentes de refrigeraci\u00f3n"},"content":{"rendered":"<div class=\"wpb-content-wrapper\"><p>[vc_row full_width=\u00bbstretch_row_content_no_spaces\u00bb css=\u00bb.vc_custom_1588168240545{margin-bottom: 2em !important;background-position: center !important;background-repeat: no-repeat !important;background-size: cover !important;}\u00bb el_id=\u00bbdesk\u00bb][vc_column width=\u00bb1\/3&#8243; css=\u00bb.vc_custom_1588168585508{padding-top: 7em !important;padding-bottom: 7em !important;background-position: center !important;background-repeat: no-repeat !important;background-size: cover !important;}\u00bb el_id=\u00bbcarbon_steel_welded_tubes_clmn\u00bb][vc_column_text]<\/p>\n<h4 style=\"text-align: center;\"><span style=\"color: #ffffff;\">TUBOS SOLDADOS DE ACERO AL CARBONO<\/span><\/h4>\n<p>[\/vc_column_text][vc_empty_space height=\u00bb15px\u00bb]<div class=\"cz_btn_center\"><div class=\"cz_41467_p\"><a id=\"cz_41467\" class=\"cz_41467 cz_btn cz_btn_txt_no_fx cz_btn_no_fx\" href=\"https:\/\/marcegaglia.mx\/es\/tubos-soldados-de-acero-al-carbono\/\" title=\"Tubos soldados de acero al carbono\" aria-label=\"Tubos soldados de acero al carbono\"><span><strong>DESCUBRA<\/strong><\/span><b class=\"cz_btn_onhover\"><strong>DESCUBRA<\/strong><\/b><\/a><\/div><\/div>[\/vc_column][vc_column width=\u00bb1\/3&#8243; el_id=\u00bbtrafilati_tubes_clmn\u00bb offset=\u00bbvc_hidden-sm vc_hidden-xs\u00bb css=\u00bb.vc_custom_1594713682777{padding-top: 7em !important;padding-bottom: 7em !important;}\u00bb][vc_column_text]<\/p>\n<h4 style=\"text-align: center;\"><span style=\"color: #ffffff;\">CONDENSADOR TUBOS Y ALAMBRES<\/span><\/h4>\n<p>[\/vc_column_text][vc_empty_space height=\u00bb15px\u00bb]<div class=\"cz_btn_center\"><div class=\"cz_33263_p\"><a id=\"cz_33263\" class=\"cz_33263 cz_btn cz_btn_txt_no_fx cz_btn_no_fx\" href=\"https:\/\/marcegaglia.mx\/es\/condensador-tubos-y-alambres\/\" title=\"Condensador tubos y alambres\" aria-label=\"Condensador tubos y alambres\"><span><strong>DESCUBRA<\/strong><\/span><b class=\"cz_btn_onhover\"><strong>DESCUBRA<\/strong><\/b><\/a><\/div><\/div>[\/vc_column][vc_column width=\u00bb1\/3&#8243; css=\u00bb.vc_custom_1588168579684{padding-top: 7em !important;padding-bottom: 7em !important;background-position: center !important;background-repeat: no-repeat !important;background-size: cover !important;}\u00bb el_id=\u00bbrefrigeration_tubes_clmn\u00bb][vc_column_text]<\/p>\n<h4 style=\"text-align: center;\"><span style=\"color: #ffffff;\">CONDENSADOR TUBOS Y LAMINAS<\/span><\/h4>\n<p>[\/vc_column_text][vc_empty_space height=\u00bb15px\u00bb]<div class=\"cz_btn_center\"><div class=\"cz_23389_p\"><a id=\"cz_23389\" class=\"cz_23389 cz_btn cz_btn_txt_no_fx cz_btn_no_fx\" href=\"https:\/\/marcegaglia.mx\/es\/condensador-tubos-y-laminas\/\" title=\"Condensador tubos y laminas\" aria-label=\"Condensador tubos y laminas\"><span><strong>DESCUBRA<\/strong><\/span><b class=\"cz_btn_onhover\"><strong>DESCUBRA<\/strong><\/b><\/a><\/div><\/div>[\/vc_column][\/vc_row][vc_row full_width=\u00bbstretch_row_content_no_spaces\u00bb css=\u00bb.vc_custom_1588168234605{margin-bottom: 2em !important;background-position: center !important;background-repeat: no-repeat !important;background-size: cover !important;}\u00bb el_id=\u00bbresp\u00bb][vc_column width=\u00bb1\/3&#8243; css=\u00bb.vc_custom_1588168299012{padding-top: 5em !important;padding-bottom: 5em !important;background-image: url(https:\/\/www.marcegaglia.pl\/wp-content\/uploads\/2020\/04\/01-Marcegaglia-Poland-carbon-steel-welded-tubes_636x306.jpg?id=9374) !important;background-position: center !important;background-repeat: no-repeat !important;background-size: cover !important;}\u00bb offset=\u00bbvc_hidden-lg\u00bb][vc_column_text]<\/p>\n<h4 style=\"text-align: center;\"><span style=\"color: #ffffff;\">TUBOS SOLDADOS DE ACERO AL CARBONO<\/span><\/h4>\n<p>[\/vc_column_text][vc_empty_space height=\u00bb15px\u00bb]<div class=\"cz_btn_center\"><div class=\"cz_41467_p\"><a id=\"cz_41467\" class=\"cz_41467 cz_btn cz_btn_txt_no_fx cz_btn_no_fx\" href=\"https:\/\/marcegaglia.mx\/es\/tubos-soldados-de-acero-al-carbono\/\" title=\"Tubos soldados de acero al carbono\" aria-label=\"Tubos soldados de acero al carbono\"><span><strong>DESCUBRA<\/strong><\/span><b class=\"cz_btn_onhover\"><strong>DESCUBRA<\/strong><\/b><\/a><\/div><\/div>[\/vc_column][vc_column width=\u00bb1\/3&#8243; el_id=\u00bbtrafilati_tubes_clmn\u00bb offset=\u00bbvc_hidden-lg vc_hidden-md\u00bb css=\u00bb.vc_custom_1594713694822{padding-top: 5em !important;padding-bottom: 5em !important;}\u00bb][vc_column_text]<\/p>\n<h4 style=\"text-align: center;\"><span style=\"color: #ffffff;\">CONDENSADOR TUBOS Y ALAMBRES<\/span><\/h4>\n<p>[\/vc_column_text][vc_empty_space height=\u00bb15px\u00bb]<div class=\"cz_btn_center\"><div class=\"cz_33263_p\"><a id=\"cz_33263\" class=\"cz_33263 cz_btn cz_btn_txt_no_fx cz_btn_no_fx\" href=\"https:\/\/marcegaglia.mx\/es\/condensador-tubos-y-alambres\/\" title=\"Condensador tubos y alambres\" aria-label=\"Condensador tubos y alambres\"><span><strong>DESCUBRA<\/strong><\/span><b class=\"cz_btn_onhover\"><strong>DESCUBRA<\/strong><\/b><\/a><\/div><\/div>[\/vc_column][vc_column width=\u00bb1\/3&#8243; css=\u00bb.vc_custom_1588168325004{padding-top: 5em !important;padding-bottom: 5em !important;background-image: url(https:\/\/www.marcegaglia.pl\/wp-content\/uploads\/2020\/04\/02-Marcegaglia-Poland-carbon-steel-refrigeration-tubes_636x306.jpg?id=9376) !important;background-position: center !important;background-repeat: no-repeat !important;background-size: cover !important;}\u00bb offset=\u00bbvc_hidden-lg\u00bb][vc_column_text]<\/p>\n<h4 style=\"text-align: center;\"><span style=\"color: #ffffff;\">CONDENSADOR TUBOS Y LAMINAS<\/span><\/h4>\n<p>[\/vc_column_text][vc_empty_space height=\u00bb15px\u00bb]<div class=\"cz_btn_center\"><div class=\"cz_23389_p\"><a id=\"cz_23389\" class=\"cz_23389 cz_btn cz_btn_txt_no_fx cz_btn_no_fx\" href=\"https:\/\/marcegaglia.mx\/es\/condensador-tubos-y-laminas\/\" title=\"Condensador tubos y laminas\" aria-label=\"Condensador tubos y laminas\"><span><strong>DESCUBRA<\/strong><\/span><b class=\"cz_btn_onhover\"><strong>DESCUBRA<\/strong><\/b><\/a><\/div><\/div>[\/vc_column][\/vc_row][vc_row full_width=\u00bbstretch_row\u00bb content_placement=\u00bbmiddle\u00bb css=\u00bb.vc_custom_1584702828627{margin-bottom: 2em !important;background-position: center !important;background-repeat: no-repeat !important;background-size: cover !important;}\u00bb][vc_column][vc_column_text]<\/p>\n<h2><strong>PRODUCTOS Y COMPONENTES DE REFRIGERACI\u00d3N<\/strong><\/h2>\n<p>[\/vc_column_text][vc_empty_space height=\u00bb20px\u00bb][vc_column_text]La <strong>gama de productos dedicados<\/strong> de Marcegaglia M\u00e9xico se fabrica de acuerdo con las normas y tolerancias espec\u00edficas del sector, convirti\u00e9ndose en l\u00edder en el sector de la refrigeraci\u00f3n y aumentando constantemente las inversiones. El<strong> negocio principal de la empresa<\/strong> se centra en la <strong>producci\u00f3n seg\u00fan especificaciones del cliente<\/strong> de componentes en<strong> acero, aluminio<\/strong> y <strong>cobre<\/strong>, para satisfacer las necesidades de un mercado en constante evoluci\u00f3n. La producci\u00f3n se prueba minuciosamente para permitir su uso en aplicaciones como condensadores y evaporadores para calefacci\u00f3n y sistemas de refrigeraci\u00f3n y electrodom\u00e9sticos.<br \/>\nVersatilidad, econom\u00eda y alta resistencia a la corrosi\u00f3n completan las caracter\u00edsticas de los tubos de refrigeraci\u00f3n de acero.<br \/>\nEl proceso de producci\u00f3n se lleva a cabo conjuntamente en las unidades de fabricaci\u00f3n de <strong>Garuva<\/strong> (Brasil), <strong>Funza<\/strong> (Colombia), <strong>Praszka<\/strong> (Polonia), <strong>Forl\u00ec<\/strong> y <strong>Fontanafredda<\/strong> (Italia).[\/vc_column_text][\/vc_column][\/vc_row]<\/p>\n<\/div>","protected":false},"excerpt":{"rendered":"<p>[vc_row full_width=\u00bbstretch_row_content_no_spaces\u00bb css=\u00bb.vc_custom_1588168240545{margin-bottom: 2em !important;background-position: center !important;background-repeat: no-repeat !important;background-size: cover !important;}\u00bb &#8230; <\/p>\n","protected":false},"author":1,"featured_media":0,"parent":0,"menu_order":0,"comment_status":"closed","ping_status":"closed","template":"","meta":{"footnotes":""},"class_list":["post-15225","page","type-page","status-publish","hentry"],"yoast_head":"<!-- This site is optimized with the Yoast SEO plugin v25.4 - https:\/\/yoast.com\/wordpress\/plugins\/seo\/ -->\n<title>Productos y componentes de refrigeraci\u00f3n - Marcegaglia Mexico<\/title>\n<meta name=\"robots\" content=\"index, follow, max-snippet:-1, max-image-preview:large, max-video-preview:-1\" \/>\n<link rel=\"canonical\" href=\"https:\/\/marcegaglia.mx\/es\/productos-y-componentes-de-refrigeracion\/\" \/>\n<meta property=\"og:locale\" content=\"es_ES\" \/>\n<meta property=\"og:type\" content=\"article\" \/>\n<meta property=\"og:title\" content=\"Productos y componentes de refrigeraci\u00f3n - Marcegaglia Mexico\" \/>\n<meta property=\"og:description\" content=\"[vc_row full_width=\u00bbstretch_row_content_no_spaces\u00bb css=\u00bb.vc_custom_1588168240545{margin-bottom: 2em !important;background-position: center !important;background-repeat: no-repeat !important;background-size: cover !important;}\u00bb ...\" \/>\n<meta property=\"og:url\" content=\"https:\/\/marcegaglia.mx\/es\/productos-y-componentes-de-refrigeracion\/\" \/>\n<meta property=\"og:site_name\" content=\"Marcegaglia Mexico\" \/>\n<meta property=\"article:modified_time\" content=\"2020-09-28T10:42:50+00:00\" \/>\n<meta name=\"twitter:card\" content=\"summary_large_image\" \/>\n<meta name=\"twitter:label1\" content=\"Tiempo de lectura\" \/>\n\t<meta name=\"twitter:data1\" content=\"4 minutos\" \/>\n<script type=\"application\/ld+json\" class=\"yoast-schema-graph\">{\"@context\":\"https:\/\/schema.org\",\"@graph\":[{\"@type\":\"WebPage\",\"@id\":\"https:\/\/marcegaglia.mx\/es\/productos-y-componentes-de-refrigeracion\/\",\"url\":\"https:\/\/marcegaglia.mx\/es\/productos-y-componentes-de-refrigeracion\/\",\"name\":\"Productos y componentes de refrigeraci\u00f3n - Marcegaglia Mexico\",\"isPartOf\":{\"@id\":\"https:\/\/marcegaglia.mx\/es\/#website\"},\"datePublished\":\"2020-07-14T08:45:25+00:00\",\"dateModified\":\"2020-09-28T10:42:50+00:00\",\"breadcrumb\":{\"@id\":\"https:\/\/marcegaglia.mx\/es\/productos-y-componentes-de-refrigeracion\/#breadcrumb\"},\"inLanguage\":\"es\",\"potentialAction\":[{\"@type\":\"ReadAction\",\"target\":[\"https:\/\/marcegaglia.mx\/es\/productos-y-componentes-de-refrigeracion\/\"]}]},{\"@type\":\"BreadcrumbList\",\"@id\":\"https:\/\/marcegaglia.mx\/es\/productos-y-componentes-de-refrigeracion\/#breadcrumb\",\"itemListElement\":[{\"@type\":\"ListItem\",\"position\":1,\"name\":\"Home\",\"item\":\"https:\/\/marcegaglia.mx\/es\/\"},{\"@type\":\"ListItem\",\"position\":2,\"name\":\"Productos y componentes de refrigeraci\u00f3n\"}]},{\"@type\":\"WebSite\",\"@id\":\"https:\/\/marcegaglia.mx\/es\/#website\",\"url\":\"https:\/\/marcegaglia.mx\/es\/\",\"name\":\"Marcegaglia Mexico\",\"description\":\"We give shape to steel\",\"potentialAction\":[{\"@type\":\"SearchAction\",\"target\":{\"@type\":\"EntryPoint\",\"urlTemplate\":\"https:\/\/marcegaglia.mx\/es\/?s={search_term_string}\"},\"query-input\":{\"@type\":\"PropertyValueSpecification\",\"valueRequired\":true,\"valueName\":\"search_term_string\"}}],\"inLanguage\":\"es\"}]}<\/script>\n<!-- \/ Yoast SEO plugin. -->","yoast_head_json":{"title":"Productos y componentes de refrigeraci\u00f3n - Marcegaglia Mexico","robots":{"index":"index","follow":"follow","max-snippet":"max-snippet:-1","max-image-preview":"max-image-preview:large","max-video-preview":"max-video-preview:-1"},"canonical":"https:\/\/marcegaglia.mx\/es\/productos-y-componentes-de-refrigeracion\/","og_locale":"es_ES","og_type":"article","og_title":"Productos y componentes de refrigeraci\u00f3n - Marcegaglia Mexico","og_description":"[vc_row full_width=\u00bbstretch_row_content_no_spaces\u00bb css=\u00bb.vc_custom_1588168240545{margin-bottom: 2em !important;background-position: center !important;background-repeat: no-repeat !important;background-size: cover !important;}\u00bb ...","og_url":"https:\/\/marcegaglia.mx\/es\/productos-y-componentes-de-refrigeracion\/","og_site_name":"Marcegaglia Mexico","article_modified_time":"2020-09-28T10:42:50+00:00","twitter_card":"summary_large_image","twitter_misc":{"Tiempo de lectura":"4 minutos"},"schema":{"@context":"https:\/\/schema.org","@graph":[{"@type":"WebPage","@id":"https:\/\/marcegaglia.mx\/es\/productos-y-componentes-de-refrigeracion\/","url":"https:\/\/marcegaglia.mx\/es\/productos-y-componentes-de-refrigeracion\/","name":"Productos y componentes de refrigeraci\u00f3n - Marcegaglia Mexico","isPartOf":{"@id":"https:\/\/marcegaglia.mx\/es\/#website"},"datePublished":"2020-07-14T08:45:25+00:00","dateModified":"2020-09-28T10:42:50+00:00","breadcrumb":{"@id":"https:\/\/marcegaglia.mx\/es\/productos-y-componentes-de-refrigeracion\/#breadcrumb"},"inLanguage":"es","potentialAction":[{"@type":"ReadAction","target":["https:\/\/marcegaglia.mx\/es\/productos-y-componentes-de-refrigeracion\/"]}]},{"@type":"BreadcrumbList","@id":"https:\/\/marcegaglia.mx\/es\/productos-y-componentes-de-refrigeracion\/#breadcrumb","itemListElement":[{"@type":"ListItem","position":1,"name":"Home","item":"https:\/\/marcegaglia.mx\/es\/"},{"@type":"ListItem","position":2,"name":"Productos y componentes de refrigeraci\u00f3n"}]},{"@type":"WebSite","@id":"https:\/\/marcegaglia.mx\/es\/#website","url":"https:\/\/marcegaglia.mx\/es\/","name":"Marcegaglia Mexico","description":"We give shape to steel","potentialAction":[{"@type":"SearchAction","target":{"@type":"EntryPoint","urlTemplate":"https:\/\/marcegaglia.mx\/es\/?s={search_term_string}"},"query-input":{"@type":"PropertyValueSpecification","valueRequired":true,"valueName":"search_term_string"}}],"inLanguage":"es"}]}},"_links":{"self":[{"href":"https:\/\/marcegaglia.mx\/es\/wp-json\/wp\/v2\/pages\/15225","targetHints":{"allow":["GET"]}}],"collection":[{"href":"https:\/\/marcegaglia.mx\/es\/wp-json\/wp\/v2\/pages"}],"about":[{"href":"https:\/\/marcegaglia.mx\/es\/wp-json\/wp\/v2\/types\/page"}],"author":[{"embeddable":true,"href":"https:\/\/marcegaglia.mx\/es\/wp-json\/wp\/v2\/users\/1"}],"replies":[{"embeddable":true,"href":"https:\/\/marcegaglia.mx\/es\/wp-json\/wp\/v2\/comments?post=15225"}],"version-history":[{"count":4,"href":"https:\/\/marcegaglia.mx\/es\/wp-json\/wp\/v2\/pages\/15225\/revisions"}],"predecessor-version":[{"id":15345,"href":"https:\/\/marcegaglia.mx\/es\/wp-json\/wp\/v2\/pages\/15225\/revisions\/15345"}],"wp:attachment":[{"href":"https:\/\/marcegaglia.mx\/es\/wp-json\/wp\/v2\/media?parent=15225"}],"curies":[{"name":"wp","href":"https:\/\/api.w.org\/{rel}","templated":true}]}}